{"id":8837,"date":"2019-09-19T15:08:05","date_gmt":"2019-09-19T15:08:05","guid":{"rendered":"https:\/\/kraabmod.ee\/product\/kelluva-profiili-gipps-villar-2-0\/"},"modified":"2024-03-31T11:09:46","modified_gmt":"2024-03-31T11:09:46","slug":"kelluva-profiili-gipps-villar-2-0","status":"publish","type":"product","link":"https:\/\/kraabmod.ee\/fi\/tuote\/kelluva-profiili-gipps-villar-2-0\/","title":{"rendered":"KELLUVA PROFIILI GIPPS VILLAR 2.0"},"content":{"rendered":"<div class=\"wpb-content-wrapper\"><p>[vc_row][vc_column][vc_column_text]<\/p>\n<ul>\n<li>Kompensoi lineaarista laajenemista ja ehk\u00e4isee kipsilevyjen halkeilua.<\/li>\n<li>Pehme\u00e4n taustavalon ansiosta se ei n\u00e4yt\u00e4 sein\u00e4n ep\u00e4tasaisuuksia.<\/li>\n<li>Helppo asentaa<\/li>\n<li>Ihanteellinen katon liitt\u00e4miseen kuvioituihin sein\u00e4pintoihin ja ZD-paneeleihin.<\/li>\n<li>Mahdollistaa katon ja sein\u00e4n v\u00e4lisen et\u00e4isyyden s\u00e4\u00e4t\u00e4misen.<\/li>\n<\/ul>\n<p>[\/vc_column_text][\/vc_column][\/vc_row][vc_row][vc_column width=&#8221;1\/4&#8243;][vc_icon media_type=&#8221;image&#8221; size=&#8221;fa-3x&#8221; image_id=&#8221;6482&#8243; title=&#8221;Profiilin pituus 2 metri\u00e4&#8221; title_font_size=&#8221;16&#8243;][\/vc_column][vc_column width=&#8221;1\/4&#8243;][vc_icon media_type=&#8221;image&#8221; size=&#8221;fa-3x&#8221; image_id=&#8221;6484&#8243; title=&#8221;Alumiiniprofiili&#8221; title_font_size=&#8221;16&#8243;][\/vc_column][vc_column width=&#8221;1\/4&#8243;][vc_icon media_type=&#8221;image&#8221; size=&#8221;fa-3x&#8221; image_id=&#8221;6483&#8243; title=&#8221;Valonl\u00e4hteet eiv\u00e4t sis\u00e4lly toimitukseen&#8221; title_font_size=&#8221;16&#8243;][\/vc_column][vc_column width=&#8221;1\/4&#8243;][vc_icon media_type=&#8221;image&#8221; size=&#8221;fa-3x&#8221; image_id=&#8221;6485&#8243; title=&#8221;Jauhemaalaus mustana ja valkoisena&#8221; title_font_size=&#8221;16&#8243;][\/vc_column][\/vc_row][vc_row][vc_column width=&#8221;1\/4&#8243;][vc_icon media_type=&#8221;image&#8221; size=&#8221;fa-3x&#8221; image_id=&#8221;6741&#8243; title=&#8221;Valkoinen jauhemaalaus&#8221; title_font_size=&#8221;16&#8243;][\/vc_column][vc_column width=&#8221;1\/4&#8243;][vc_icon media_type=&#8221;image&#8221; size=&#8221;fa-3x&#8221; image_id=&#8221;6486&#8243; title=&#8221;K\u00e4ytet\u00e4\u00e4n kipsilevyiss\u00e4&#8221; title_font_size=&#8221;16&#8243;][\/vc_column][vc_column width=&#8221;1\/4&#8243;][\/vc_column][vc_column width=&#8221;1\/4&#8243;][\/vc_column][\/vc_row][vc_row][vc_column width=&#8221;1\/2&#8243;][vc_custom_heading text=&#8221;Kipsilevyprofiili, jossa on taustavalaistus. Kiinnitys sein\u00e4\u00e4n.&#8221; font_size=&#8221;35&#8243; responsive=&#8221;yes&#8221; min_font_size=&#8221;18&#8243; tag=&#8221;p&#8221;][vc_single_image image=&#8221;8844&#8243; full_width=&#8221;1&#8243; onclick=&#8221;lightbox&#8221; opacity=&#8221;100&#8243;][\/vc_column][vc_column width=&#8221;1\/2&#8243;][vc_custom_heading text=&#8221;Kohoava profiili, jossa on suurempi et\u00e4isyys sein\u00e4st\u00e4.&#8221; font_size=&#8221;35&#8243; responsive=&#8221;yes&#8221; min_font_size=&#8221;18&#8243; tag=&#8221;p&#8221;][vc_single_image image=&#8221;8845&#8243; full_width=&#8221;1&#8243; onclick=&#8221;lightbox&#8221; opacity=&#8221;100&#8243;][\/vc_column][\/vc_row]<\/p>\n<\/div>","protected":false},"excerpt":{"rendered":"<p>Profiilia k\u00e4ytet\u00e4\u00e4n luomaan &#8221;ilmassa leijuvan&#8221; vaikutelman katto on valmistettu kipsilevyst\u00e4, katto on kiinnitetty syvennyksell\u00e4 seinist\u00e4. Rakenteen kiinnityskohta on huomaamaton, ja katto on valaistu pehme\u00e4ll\u00e4 valolla koko keh\u00e4lt\u00e4.<\/p>\n","protected":false},"featured_media":9274,"template":"","meta":[],"product_brand":[],"product_cat":[100],"product_tag":[],"class_list":{"0":"post-8837","1":"product","2":"type-product","3":"status-publish","4":"has-post-thumbnail","6":"product_cat-kipsilevyprofiilit","7":"entry-post-skin-light","8":"entry-product-has-gallery","9":"entry","10":"clearfix","11":"entry-grid","12":"entry-columns-default","13":"entry-product-module-layout-fullwidth","14":"thumbnail-color-tone-dark","15":"entry-product","17":"entry-product-grid","19":"first","20":"instock","21":"shipping-taxable","22":"product-type-simple"},"yoast_head":"<!-- This site is optimized with the Yoast SEO plugin v27.4 - https:\/\/yoast.com\/product\/yoast-seo-wordpress\/ -->\n<title>KELLUVA PROFIILI GIPPS VILLAR 2.0 | Kraabmod<\/title>\n<meta name=\"robots\" content=\"index, follow, max-snippet:-1, max-image-preview:large, max-video-preview:-1\" \/>\n<link rel=\"canonical\" href=\"https:\/\/kraabmod.ee\/fi\/tuote\/kelluva-profiili-gipps-villar-2-0\/\" \/>\n<meta property=\"og:locale\" content=\"fi_FI\" \/>\n<meta property=\"og:type\" content=\"article\" \/>\n<meta property=\"og:title\" content=\"KELLUVA PROFIILI GIPPS VILLAR 2.0 | Kraabmod\" \/>\n<meta property=\"og:description\" content=\"Profiilia k\u00e4ytet\u00e4\u00e4n luomaan &quot;ilmassa leijuvan&quot; vaikutelman katto on valmistettu kipsilevyst\u00e4, katto on kiinnitetty syvennyksell\u00e4 seinist\u00e4. Rakenteen kiinnityskohta on huomaamaton, ja katto on valaistu pehme\u00e4ll\u00e4 valolla koko keh\u00e4lt\u00e4.\" \/>\n<meta property=\"og:url\" content=\"https:\/\/kraabmod.ee\/fi\/tuote\/kelluva-profiili-gipps-villar-2-0\/\" \/>\n<meta property=\"og:site_name\" content=\"Kraabmod\" \/>\n<meta property=\"article:publisher\" content=\"https:\/\/www.facebook.com\/kraabmod\/\" \/>\n<meta property=\"article:modified_time\" content=\"2024-03-31T11:09:46+00:00\" \/>\n<meta property=\"og:image\" content=\"https:\/\/kraabmod.ee\/wp-content\/uploads\/2019\/09\/aa1.png\" \/>\n\t<meta property=\"og:image:width\" content=\"567\" \/>\n\t<meta property=\"og:image:height\" content=\"459\" \/>\n\t<meta property=\"og:image:type\" content=\"image\/png\" \/>\n<meta name=\"twitter:card\" content=\"summary_large_image\" \/>\n<meta name=\"twitter:label1\" content=\"Arvioitu lukuaika\" \/>\n\t<meta name=\"twitter:data1\" content=\"1 minuutti\" \/>\n<script type=\"application\/ld+json\" class=\"yoast-schema-graph\">{\"@context\":\"https:\\\/\\\/schema.org\",\"@graph\":[{\"@type\":\"WebPage\",\"@id\":\"https:\\\/\\\/kraabmod.ee\\\/fi\\\/tuote\\\/kelluva-profiili-gipps-villar-2-0\\\/\",\"url\":\"https:\\\/\\\/kraabmod.ee\\\/fi\\\/tuote\\\/kelluva-profiili-gipps-villar-2-0\\\/\",\"name\":\"KELLUVA PROFIILI GIPPS VILLAR 2.0 | Kraabmod\",\"isPartOf\":{\"@id\":\"https:\\\/\\\/kraabmod.ee\\\/fi\\\/#website\"},\"primaryImageOfPage\":{\"@id\":\"https:\\\/\\\/kraabmod.ee\\\/fi\\\/tuote\\\/kelluva-profiili-gipps-villar-2-0\\\/#primaryimage\"},\"image\":{\"@id\":\"https:\\\/\\\/kraabmod.ee\\\/fi\\\/tuote\\\/kelluva-profiili-gipps-villar-2-0\\\/#primaryimage\"},\"thumbnailUrl\":\"https:\\\/\\\/kraabmod.ee\\\/wp-content\\\/uploads\\\/2019\\\/09\\\/aa1.webp\",\"datePublished\":\"2019-09-19T15:08:05+00:00\",\"dateModified\":\"2024-03-31T11:09:46+00:00\",\"breadcrumb\":{\"@id\":\"https:\\\/\\\/kraabmod.ee\\\/fi\\\/tuote\\\/kelluva-profiili-gipps-villar-2-0\\\/#breadcrumb\"},\"inLanguage\":\"fi\",\"potentialAction\":[{\"@type\":\"ReadAction\",\"target\":[\"https:\\\/\\\/kraabmod.ee\\\/fi\\\/tuote\\\/kelluva-profiili-gipps-villar-2-0\\\/\"]}]},{\"@type\":\"ImageObject\",\"inLanguage\":\"fi\",\"@id\":\"https:\\\/\\\/kraabmod.ee\\\/fi\\\/tuote\\\/kelluva-profiili-gipps-villar-2-0\\\/#primaryimage\",\"url\":\"https:\\\/\\\/kraabmod.ee\\\/wp-content\\\/uploads\\\/2019\\\/09\\\/aa1.webp\",\"contentUrl\":\"https:\\\/\\\/kraabmod.ee\\\/wp-content\\\/uploads\\\/2019\\\/09\\\/aa1.webp\",\"width\":567,\"height\":459,\"caption\":\"GIPPS VILLAR\"},{\"@type\":\"BreadcrumbList\",\"@id\":\"https:\\\/\\\/kraabmod.ee\\\/fi\\\/tuote\\\/kelluva-profiili-gipps-villar-2-0\\\/#breadcrumb\",\"itemListElement\":[{\"@type\":\"ListItem\",\"position\":1,\"name\":\"Home\",\"item\":\"https:\\\/\\\/kraabmod.ee\\\/fi\\\/\"},{\"@type\":\"ListItem\",\"position\":2,\"name\":\"Osta osoitteessa\",\"item\":\"https:\\\/\\\/kraabmod.ee\\\/fi\\\/osta-osoitteessa-2\\\/\"},{\"@type\":\"ListItem\",\"position\":3,\"name\":\"KELLUVA PROFIILI GIPPS VILLAR 2.0\"}]},{\"@type\":\"WebSite\",\"@id\":\"https:\\\/\\\/kraabmod.ee\\\/fi\\\/#website\",\"url\":\"https:\\\/\\\/kraabmod.ee\\\/fi\\\/\",\"name\":\"Kraabmod\",\"description\":\"Profile systems for modern interiors.\",\"publisher\":{\"@id\":\"https:\\\/\\\/kraabmod.ee\\\/fi\\\/#organization\"},\"potentialAction\":[{\"@type\":\"SearchAction\",\"target\":{\"@type\":\"EntryPoint\",\"urlTemplate\":\"https:\\\/\\\/kraabmod.ee\\\/fi\\\/?s={search_term_string}\"},\"query-input\":{\"@type\":\"PropertyValueSpecification\",\"valueRequired\":true,\"valueName\":\"search_term_string\"}}],\"inLanguage\":\"fi\"},{\"@type\":\"Organization\",\"@id\":\"https:\\\/\\\/kraabmod.ee\\\/fi\\\/#organization\",\"name\":\"K-SYSTEMS BALTIC O\u00dc\",\"url\":\"https:\\\/\\\/kraabmod.ee\\\/fi\\\/\",\"logo\":{\"@type\":\"ImageObject\",\"inLanguage\":\"fi\",\"@id\":\"https:\\\/\\\/kraabmod.ee\\\/fi\\\/#\\\/schema\\\/logo\\\/image\\\/\",\"url\":\"https:\\\/\\\/kraabmod.ee\\\/wp-content\\\/uploads\\\/2024\\\/03\\\/logo_kraab.png\",\"contentUrl\":\"https:\\\/\\\/kraabmod.ee\\\/wp-content\\\/uploads\\\/2024\\\/03\\\/logo_kraab.png\",\"width\":696,\"height\":696,\"caption\":\"K-SYSTEMS BALTIC O\u00dc\"},\"image\":{\"@id\":\"https:\\\/\\\/kraabmod.ee\\\/fi\\\/#\\\/schema\\\/logo\\\/image\\\/\"},\"sameAs\":[\"https:\\\/\\\/www.facebook.com\\\/kraabmod\\\/\",\"https:\\\/\\\/www.instagram.com\\\/kraabmod\\\/\"]}]}<\/script>\n<!-- \/ Yoast SEO plugin. -->","yoast_head_json":{"title":"KELLUVA PROFIILI GIPPS VILLAR 2.0 | Kraabmod","robots":{"index":"index","follow":"follow","max-snippet":"max-snippet:-1","max-image-preview":"max-image-preview:large","max-video-preview":"max-video-preview:-1"},"canonical":"https:\/\/kraabmod.ee\/fi\/tuote\/kelluva-profiili-gipps-villar-2-0\/","og_locale":"fi_FI","og_type":"article","og_title":"KELLUVA PROFIILI GIPPS VILLAR 2.0 | Kraabmod","og_description":"Profiilia k\u00e4ytet\u00e4\u00e4n luomaan \"ilmassa leijuvan\" vaikutelman katto on valmistettu kipsilevyst\u00e4, katto on kiinnitetty syvennyksell\u00e4 seinist\u00e4. Rakenteen kiinnityskohta on huomaamaton, ja katto on valaistu pehme\u00e4ll\u00e4 valolla koko keh\u00e4lt\u00e4.","og_url":"https:\/\/kraabmod.ee\/fi\/tuote\/kelluva-profiili-gipps-villar-2-0\/","og_site_name":"Kraabmod","article_publisher":"https:\/\/www.facebook.com\/kraabmod\/","article_modified_time":"2024-03-31T11:09:46+00:00","og_image":[{"width":567,"height":459,"url":"https:\/\/kraabmod.ee\/wp-content\/uploads\/2019\/09\/aa1.png","type":"image\/png"}],"twitter_card":"summary_large_image","twitter_misc":{"Arvioitu lukuaika":"1 minuutti"},"schema":{"@context":"https:\/\/schema.org","@graph":[{"@type":"WebPage","@id":"https:\/\/kraabmod.ee\/fi\/tuote\/kelluva-profiili-gipps-villar-2-0\/","url":"https:\/\/kraabmod.ee\/fi\/tuote\/kelluva-profiili-gipps-villar-2-0\/","name":"KELLUVA PROFIILI GIPPS VILLAR 2.0 | Kraabmod","isPartOf":{"@id":"https:\/\/kraabmod.ee\/fi\/#website"},"primaryImageOfPage":{"@id":"https:\/\/kraabmod.ee\/fi\/tuote\/kelluva-profiili-gipps-villar-2-0\/#primaryimage"},"image":{"@id":"https:\/\/kraabmod.ee\/fi\/tuote\/kelluva-profiili-gipps-villar-2-0\/#primaryimage"},"thumbnailUrl":"https:\/\/kraabmod.ee\/wp-content\/uploads\/2019\/09\/aa1.webp","datePublished":"2019-09-19T15:08:05+00:00","dateModified":"2024-03-31T11:09:46+00:00","breadcrumb":{"@id":"https:\/\/kraabmod.ee\/fi\/tuote\/kelluva-profiili-gipps-villar-2-0\/#breadcrumb"},"inLanguage":"fi","potentialAction":[{"@type":"ReadAction","target":["https:\/\/kraabmod.ee\/fi\/tuote\/kelluva-profiili-gipps-villar-2-0\/"]}]},{"@type":"ImageObject","inLanguage":"fi","@id":"https:\/\/kraabmod.ee\/fi\/tuote\/kelluva-profiili-gipps-villar-2-0\/#primaryimage","url":"https:\/\/kraabmod.ee\/wp-content\/uploads\/2019\/09\/aa1.webp","contentUrl":"https:\/\/kraabmod.ee\/wp-content\/uploads\/2019\/09\/aa1.webp","width":567,"height":459,"caption":"GIPPS VILLAR"},{"@type":"BreadcrumbList","@id":"https:\/\/kraabmod.ee\/fi\/tuote\/kelluva-profiili-gipps-villar-2-0\/#breadcrumb","itemListElement":[{"@type":"ListItem","position":1,"name":"Home","item":"https:\/\/kraabmod.ee\/fi\/"},{"@type":"ListItem","position":2,"name":"Osta osoitteessa","item":"https:\/\/kraabmod.ee\/fi\/osta-osoitteessa-2\/"},{"@type":"ListItem","position":3,"name":"KELLUVA PROFIILI GIPPS VILLAR 2.0"}]},{"@type":"WebSite","@id":"https:\/\/kraabmod.ee\/fi\/#website","url":"https:\/\/kraabmod.ee\/fi\/","name":"Kraabmod","description":"Profile systems for modern interiors.","publisher":{"@id":"https:\/\/kraabmod.ee\/fi\/#organization"},"potentialAction":[{"@type":"SearchAction","target":{"@type":"EntryPoint","urlTemplate":"https:\/\/kraabmod.ee\/fi\/?s={search_term_string}"},"query-input":{"@type":"PropertyValueSpecification","valueRequired":true,"valueName":"search_term_string"}}],"inLanguage":"fi"},{"@type":"Organization","@id":"https:\/\/kraabmod.ee\/fi\/#organization","name":"K-SYSTEMS BALTIC O\u00dc","url":"https:\/\/kraabmod.ee\/fi\/","logo":{"@type":"ImageObject","inLanguage":"fi","@id":"https:\/\/kraabmod.ee\/fi\/#\/schema\/logo\/image\/","url":"https:\/\/kraabmod.ee\/wp-content\/uploads\/2024\/03\/logo_kraab.png","contentUrl":"https:\/\/kraabmod.ee\/wp-content\/uploads\/2024\/03\/logo_kraab.png","width":696,"height":696,"caption":"K-SYSTEMS BALTIC O\u00dc"},"image":{"@id":"https:\/\/kraabmod.ee\/fi\/#\/schema\/logo\/image\/"},"sameAs":["https:\/\/www.facebook.com\/kraabmod\/","https:\/\/www.instagram.com\/kraabmod\/"]}]}},"_links":{"self":[{"href":"https:\/\/kraabmod.ee\/fi\/wp-json\/wp\/v2\/product\/8837","targetHints":{"allow":["GET"]}}],"collection":[{"href":"https:\/\/kraabmod.ee\/fi\/wp-json\/wp\/v2\/product"}],"about":[{"href":"https:\/\/kraabmod.ee\/fi\/wp-json\/wp\/v2\/types\/product"}],"wp:featuredmedia":[{"embeddable":true,"href":"https:\/\/kraabmod.ee\/fi\/wp-json\/wp\/v2\/media\/9274"}],"wp:attachment":[{"href":"https:\/\/kraabmod.ee\/fi\/wp-json\/wp\/v2\/media?parent=8837"}],"wp:term":[{"taxonomy":"product_brand","embeddable":true,"href":"https:\/\/kraabmod.ee\/fi\/wp-json\/wp\/v2\/product_brand?post=8837"},{"taxonomy":"product_cat","embeddable":true,"href":"https:\/\/kraabmod.ee\/fi\/wp-json\/wp\/v2\/product_cat?post=8837"},{"taxonomy":"product_tag","embeddable":true,"href":"https:\/\/kraabmod.ee\/fi\/wp-json\/wp\/v2\/product_tag?post=8837"}],"curies":[{"name":"wp","href":"https:\/\/api.w.org\/{rel}","templated":true}]}}