{"id":8763,"date":"2019-09-20T16:12:36","date_gmt":"2019-09-20T16:12:36","guid":{"rendered":"https:\/\/kraabmod.ee\/product\/niche-valaistuslinja-gipps-35\/"},"modified":"2024-03-31T10:09:41","modified_gmt":"2024-03-31T10:09:41","slug":"niche-valaistuslinja-gipps-35","status":"publish","type":"product","link":"https:\/\/kraabmod.ee\/fi\/tuote\/niche-valaistuslinja-gipps-35\/","title":{"rendered":"NICHE-VALAISTUSLINJA GIPPS 35"},"content":{"rendered":"<div class=\"wpb-content-wrapper\"><p>[vc_row][vc_column][vc_column_text]Musta GIPPS 35 &#8211; rakennusprofiili, jota k\u00e4ytet\u00e4\u00e4n mustana kapeana valonheittimien, valonheittimien tai reunalistojen kiinnitt\u00e4miseen.<br \/>\nValkoiset ja mustavalkoiset profiilit on suunniteltu piilotettujen LED-nauhojen upottamiseen, jolloin valo heijastuu kapeikon valkoisista seinist\u00e4 &#8211; valkoiset ja mustavalkoiset profiilit on suunniteltu piilotettujen LED-nauhojen upottamiseen.<br \/>\nhajallaan ja pehme\u00e4. N\u00e4iss\u00e4 v\u00e4reiss\u00e4 olevat profiilit voidaan varustaa my\u00f6s lis\u00e4varusteilla.<\/p>\n<p>* GIPPS 35 on suunniteltu 12,5 mm:n paksuiselle kipsilevylle.<\/p>\n<p>VAROITUS! Valkoisen profiilin s\u00e4vy voi vaihdella samassa er\u00e4ss\u00e4. Ole varovainen ja tarkista profiili ennen asennusta.[\/vc_column_text][\/vc_column][\/vc_row][vc_row][vc_column width=&#8221;1\/4&#8243;][vc_icon media_type=&#8221;image&#8221; size=&#8221;fa-3x&#8221; title_tag=&#8221;h4&#8243; image_id=&#8221;6482&#8243; title=&#8221;Profiilin pituus 2 metri\u00e4&#8221; title_font_size=&#8221;16px&#8221;][\/vc_column][vc_column width=&#8221;1\/4&#8243;][vc_icon media_type=&#8221;image&#8221; size=&#8221;fa-3x&#8221; title_tag=&#8221;h4&#8243; image_id=&#8221;6483&#8243; title=&#8221;Valonl\u00e4hteet eiv\u00e4t sis\u00e4lly toimitukseen&#8221; title_font_size=&#8221;16px&#8221;][\/vc_column][vc_column width=&#8221;1\/4&#8243;][vc_icon media_type=&#8221;image&#8221; size=&#8221;fa-3x&#8221; title_tag=&#8221;h4&#8243; image_id=&#8221;6484&#8243; title=&#8221;Alumiiniprofiili&#8221; title_font_size=&#8221;16px&#8221;][\/vc_column][vc_column width=&#8221;1\/4&#8243;][vc_icon media_type=&#8221;image&#8221; size=&#8221;fa-3x&#8221; title_tag=&#8221;h4&#8243; image_id=&#8221;6485&#8243; title=&#8221;Musta jauhemaalaus&#8221; title_font_size=&#8221;16px&#8221;][\/vc_column][\/vc_row][vc_row][vc_column width=&#8221;1\/4&#8243;][vc_icon media_type=&#8221;image&#8221; size=&#8221;fa-3x&#8221; title_tag=&#8221;h4&#8243; image_id=&#8221;6486&#8243; title=&#8221;K\u00e4ytet\u00e4\u00e4n kipsilevyiss\u00e4&#8221; title_font_size=&#8221;16px&#8221;][\/vc_column][vc_column width=&#8221;1\/4&#8243;][vc_icon media_type=&#8221;image&#8221; size=&#8221;fa-3x&#8221; title_tag=&#8221;h4&#8243; image_id=&#8221;6741&#8243; title=&#8221;Valkoinen jauhemaalaus&#8221; title_font_size=&#8221;16px&#8221;][\/vc_column][vc_column width=&#8221;1\/4&#8243;][vc_icon media_type=&#8221;image&#8221; size=&#8221;fa-3x&#8221; title_tag=&#8221;h4&#8243; image_id=&#8221;6742&#8243; title=&#8221;Jauhemaalaus mustana ja valkoisena&#8221; title_font_size=&#8221;16px&#8221;][\/vc_column][vc_column width=&#8221;1\/4&#8243;][\/vc_column][\/vc_row]<\/p>\n<\/div>","protected":false},"excerpt":{"rendered":"<p>GIPPS 35 on avoin valolinja ilman diffuusoria, jonka n\u00e4kyv\u00e4n linjan leveys on 35 mm.<\/p>\n","protected":false},"featured_media":9242,"template":"","meta":[],"product_brand":[],"product_cat":[100,101],"product_tag":[],"class_list":{"0":"post-8763","1":"product","2":"type-product","3":"status-publish","4":"has-post-thumbnail","6":"product_cat-kipsilevyprofiilit","7":"product_cat-kipsilevyt-ja-seinaprofiilit","8":"entry-post-skin-light","9":"entry-product-has-gallery","10":"entry","11":"clearfix","12":"entry-grid","13":"entry-columns-default","14":"entry-product-module-layout-fullwidth","15":"thumbnail-color-tone-dark","16":"entry-product","18":"entry-product-grid","20":"first","21":"instock","22":"virtual","23":"product-type-simple"},"yoast_head":"<!-- This site is optimized with the Yoast SEO plugin v27.4 - https:\/\/yoast.com\/product\/yoast-seo-wordpress\/ -->\n<title>NICHE-VALAISTUSLINJA GIPPS 35 | Kraabmod<\/title>\n<meta name=\"robots\" content=\"index, follow, max-snippet:-1, max-image-preview:large, max-video-preview:-1\" \/>\n<link rel=\"canonical\" href=\"https:\/\/kraabmod.ee\/fi\/tuote\/niche-valaistuslinja-gipps-35\/\" \/>\n<meta property=\"og:locale\" content=\"fi_FI\" \/>\n<meta property=\"og:type\" content=\"article\" \/>\n<meta property=\"og:title\" content=\"NICHE-VALAISTUSLINJA GIPPS 35 | Kraabmod\" \/>\n<meta property=\"og:description\" content=\"GIPPS 35 on avoin valolinja ilman diffuusoria, jonka n\u00e4kyv\u00e4n linjan leveys on 35 mm.\" \/>\n<meta property=\"og:url\" content=\"https:\/\/kraabmod.ee\/fi\/tuote\/niche-valaistuslinja-gipps-35\/\" \/>\n<meta property=\"og:site_name\" content=\"Kraabmod\" \/>\n<meta property=\"article:publisher\" content=\"https:\/\/www.facebook.com\/kraabmod\/\" \/>\n<meta property=\"article:modified_time\" content=\"2024-03-31T10:09:41+00:00\" \/>\n<meta property=\"og:image\" content=\"https:\/\/kraabmod.ee\/wp-content\/uploads\/2019\/09\/group1.png\" \/>\n\t<meta property=\"og:image:width\" content=\"567\" \/>\n\t<meta property=\"og:image:height\" content=\"459\" \/>\n\t<meta property=\"og:image:type\" content=\"image\/png\" \/>\n<meta name=\"twitter:card\" content=\"summary_large_image\" \/>\n<meta name=\"twitter:label1\" content=\"Arvioitu lukuaika\" \/>\n\t<meta name=\"twitter:data1\" content=\"1 minuutti\" \/>\n<script type=\"application\/ld+json\" class=\"yoast-schema-graph\">{\"@context\":\"https:\\\/\\\/schema.org\",\"@graph\":[{\"@type\":\"WebPage\",\"@id\":\"https:\\\/\\\/kraabmod.ee\\\/fi\\\/tuote\\\/niche-valaistuslinja-gipps-35\\\/\",\"url\":\"https:\\\/\\\/kraabmod.ee\\\/fi\\\/tuote\\\/niche-valaistuslinja-gipps-35\\\/\",\"name\":\"NICHE-VALAISTUSLINJA GIPPS 35 | Kraabmod\",\"isPartOf\":{\"@id\":\"https:\\\/\\\/kraabmod.ee\\\/fi\\\/#website\"},\"primaryImageOfPage\":{\"@id\":\"https:\\\/\\\/kraabmod.ee\\\/fi\\\/tuote\\\/niche-valaistuslinja-gipps-35\\\/#primaryimage\"},\"image\":{\"@id\":\"https:\\\/\\\/kraabmod.ee\\\/fi\\\/tuote\\\/niche-valaistuslinja-gipps-35\\\/#primaryimage\"},\"thumbnailUrl\":\"https:\\\/\\\/kraabmod.ee\\\/wp-content\\\/uploads\\\/2019\\\/09\\\/group1.webp\",\"datePublished\":\"2019-09-20T16:12:36+00:00\",\"dateModified\":\"2024-03-31T10:09:41+00:00\",\"breadcrumb\":{\"@id\":\"https:\\\/\\\/kraabmod.ee\\\/fi\\\/tuote\\\/niche-valaistuslinja-gipps-35\\\/#breadcrumb\"},\"inLanguage\":\"fi\",\"potentialAction\":[{\"@type\":\"ReadAction\",\"target\":[\"https:\\\/\\\/kraabmod.ee\\\/fi\\\/tuote\\\/niche-valaistuslinja-gipps-35\\\/\"]}]},{\"@type\":\"ImageObject\",\"inLanguage\":\"fi\",\"@id\":\"https:\\\/\\\/kraabmod.ee\\\/fi\\\/tuote\\\/niche-valaistuslinja-gipps-35\\\/#primaryimage\",\"url\":\"https:\\\/\\\/kraabmod.ee\\\/wp-content\\\/uploads\\\/2019\\\/09\\\/group1.webp\",\"contentUrl\":\"https:\\\/\\\/kraabmod.ee\\\/wp-content\\\/uploads\\\/2019\\\/09\\\/group1.webp\",\"width\":567,\"height\":459,\"caption\":\"gipps\"},{\"@type\":\"BreadcrumbList\",\"@id\":\"https:\\\/\\\/kraabmod.ee\\\/fi\\\/tuote\\\/niche-valaistuslinja-gipps-35\\\/#breadcrumb\",\"itemListElement\":[{\"@type\":\"ListItem\",\"position\":1,\"name\":\"Home\",\"item\":\"https:\\\/\\\/kraabmod.ee\\\/fi\\\/\"},{\"@type\":\"ListItem\",\"position\":2,\"name\":\"Osta osoitteessa\",\"item\":\"https:\\\/\\\/kraabmod.ee\\\/fi\\\/osta-osoitteessa-2\\\/\"},{\"@type\":\"ListItem\",\"position\":3,\"name\":\"NICHE-VALAISTUSLINJA GIPPS 35\"}]},{\"@type\":\"WebSite\",\"@id\":\"https:\\\/\\\/kraabmod.ee\\\/fi\\\/#website\",\"url\":\"https:\\\/\\\/kraabmod.ee\\\/fi\\\/\",\"name\":\"Kraabmod\",\"description\":\"Profile systems for modern interiors.\",\"publisher\":{\"@id\":\"https:\\\/\\\/kraabmod.ee\\\/fi\\\/#organization\"},\"potentialAction\":[{\"@type\":\"SearchAction\",\"target\":{\"@type\":\"EntryPoint\",\"urlTemplate\":\"https:\\\/\\\/kraabmod.ee\\\/fi\\\/?s={search_term_string}\"},\"query-input\":{\"@type\":\"PropertyValueSpecification\",\"valueRequired\":true,\"valueName\":\"search_term_string\"}}],\"inLanguage\":\"fi\"},{\"@type\":\"Organization\",\"@id\":\"https:\\\/\\\/kraabmod.ee\\\/fi\\\/#organization\",\"name\":\"K-SYSTEMS BALTIC O\u00dc\",\"url\":\"https:\\\/\\\/kraabmod.ee\\\/fi\\\/\",\"logo\":{\"@type\":\"ImageObject\",\"inLanguage\":\"fi\",\"@id\":\"https:\\\/\\\/kraabmod.ee\\\/fi\\\/#\\\/schema\\\/logo\\\/image\\\/\",\"url\":\"https:\\\/\\\/kraabmod.ee\\\/wp-content\\\/uploads\\\/2024\\\/03\\\/logo_kraab.png\",\"contentUrl\":\"https:\\\/\\\/kraabmod.ee\\\/wp-content\\\/uploads\\\/2024\\\/03\\\/logo_kraab.png\",\"width\":696,\"height\":696,\"caption\":\"K-SYSTEMS BALTIC O\u00dc\"},\"image\":{\"@id\":\"https:\\\/\\\/kraabmod.ee\\\/fi\\\/#\\\/schema\\\/logo\\\/image\\\/\"},\"sameAs\":[\"https:\\\/\\\/www.facebook.com\\\/kraabmod\\\/\",\"https:\\\/\\\/www.instagram.com\\\/kraabmod\\\/\"]}]}<\/script>\n<!-- \/ Yoast SEO plugin. -->","yoast_head_json":{"title":"NICHE-VALAISTUSLINJA GIPPS 35 | Kraabmod","robots":{"index":"index","follow":"follow","max-snippet":"max-snippet:-1","max-image-preview":"max-image-preview:large","max-video-preview":"max-video-preview:-1"},"canonical":"https:\/\/kraabmod.ee\/fi\/tuote\/niche-valaistuslinja-gipps-35\/","og_locale":"fi_FI","og_type":"article","og_title":"NICHE-VALAISTUSLINJA GIPPS 35 | Kraabmod","og_description":"GIPPS 35 on avoin valolinja ilman diffuusoria, jonka n\u00e4kyv\u00e4n linjan leveys on 35 mm.","og_url":"https:\/\/kraabmod.ee\/fi\/tuote\/niche-valaistuslinja-gipps-35\/","og_site_name":"Kraabmod","article_publisher":"https:\/\/www.facebook.com\/kraabmod\/","article_modified_time":"2024-03-31T10:09:41+00:00","og_image":[{"width":567,"height":459,"url":"https:\/\/kraabmod.ee\/wp-content\/uploads\/2019\/09\/group1.png","type":"image\/png"}],"twitter_card":"summary_large_image","twitter_misc":{"Arvioitu lukuaika":"1 minuutti"},"schema":{"@context":"https:\/\/schema.org","@graph":[{"@type":"WebPage","@id":"https:\/\/kraabmod.ee\/fi\/tuote\/niche-valaistuslinja-gipps-35\/","url":"https:\/\/kraabmod.ee\/fi\/tuote\/niche-valaistuslinja-gipps-35\/","name":"NICHE-VALAISTUSLINJA GIPPS 35 | Kraabmod","isPartOf":{"@id":"https:\/\/kraabmod.ee\/fi\/#website"},"primaryImageOfPage":{"@id":"https:\/\/kraabmod.ee\/fi\/tuote\/niche-valaistuslinja-gipps-35\/#primaryimage"},"image":{"@id":"https:\/\/kraabmod.ee\/fi\/tuote\/niche-valaistuslinja-gipps-35\/#primaryimage"},"thumbnailUrl":"https:\/\/kraabmod.ee\/wp-content\/uploads\/2019\/09\/group1.webp","datePublished":"2019-09-20T16:12:36+00:00","dateModified":"2024-03-31T10:09:41+00:00","breadcrumb":{"@id":"https:\/\/kraabmod.ee\/fi\/tuote\/niche-valaistuslinja-gipps-35\/#breadcrumb"},"inLanguage":"fi","potentialAction":[{"@type":"ReadAction","target":["https:\/\/kraabmod.ee\/fi\/tuote\/niche-valaistuslinja-gipps-35\/"]}]},{"@type":"ImageObject","inLanguage":"fi","@id":"https:\/\/kraabmod.ee\/fi\/tuote\/niche-valaistuslinja-gipps-35\/#primaryimage","url":"https:\/\/kraabmod.ee\/wp-content\/uploads\/2019\/09\/group1.webp","contentUrl":"https:\/\/kraabmod.ee\/wp-content\/uploads\/2019\/09\/group1.webp","width":567,"height":459,"caption":"gipps"},{"@type":"BreadcrumbList","@id":"https:\/\/kraabmod.ee\/fi\/tuote\/niche-valaistuslinja-gipps-35\/#breadcrumb","itemListElement":[{"@type":"ListItem","position":1,"name":"Home","item":"https:\/\/kraabmod.ee\/fi\/"},{"@type":"ListItem","position":2,"name":"Osta osoitteessa","item":"https:\/\/kraabmod.ee\/fi\/osta-osoitteessa-2\/"},{"@type":"ListItem","position":3,"name":"NICHE-VALAISTUSLINJA GIPPS 35"}]},{"@type":"WebSite","@id":"https:\/\/kraabmod.ee\/fi\/#website","url":"https:\/\/kraabmod.ee\/fi\/","name":"Kraabmod","description":"Profile systems for modern interiors.","publisher":{"@id":"https:\/\/kraabmod.ee\/fi\/#organization"},"potentialAction":[{"@type":"SearchAction","target":{"@type":"EntryPoint","urlTemplate":"https:\/\/kraabmod.ee\/fi\/?s={search_term_string}"},"query-input":{"@type":"PropertyValueSpecification","valueRequired":true,"valueName":"search_term_string"}}],"inLanguage":"fi"},{"@type":"Organization","@id":"https:\/\/kraabmod.ee\/fi\/#organization","name":"K-SYSTEMS BALTIC O\u00dc","url":"https:\/\/kraabmod.ee\/fi\/","logo":{"@type":"ImageObject","inLanguage":"fi","@id":"https:\/\/kraabmod.ee\/fi\/#\/schema\/logo\/image\/","url":"https:\/\/kraabmod.ee\/wp-content\/uploads\/2024\/03\/logo_kraab.png","contentUrl":"https:\/\/kraabmod.ee\/wp-content\/uploads\/2024\/03\/logo_kraab.png","width":696,"height":696,"caption":"K-SYSTEMS BALTIC O\u00dc"},"image":{"@id":"https:\/\/kraabmod.ee\/fi\/#\/schema\/logo\/image\/"},"sameAs":["https:\/\/www.facebook.com\/kraabmod\/","https:\/\/www.instagram.com\/kraabmod\/"]}]}},"_links":{"self":[{"href":"https:\/\/kraabmod.ee\/fi\/wp-json\/wp\/v2\/product\/8763","targetHints":{"allow":["GET"]}}],"collection":[{"href":"https:\/\/kraabmod.ee\/fi\/wp-json\/wp\/v2\/product"}],"about":[{"href":"https:\/\/kraabmod.ee\/fi\/wp-json\/wp\/v2\/types\/product"}],"wp:featuredmedia":[{"embeddable":true,"href":"https:\/\/kraabmod.ee\/fi\/wp-json\/wp\/v2\/media\/9242"}],"wp:attachment":[{"href":"https:\/\/kraabmod.ee\/fi\/wp-json\/wp\/v2\/media?parent=8763"}],"wp:term":[{"taxonomy":"product_brand","embeddable":true,"href":"https:\/\/kraabmod.ee\/fi\/wp-json\/wp\/v2\/product_brand?post=8763"},{"taxonomy":"product_cat","embeddable":true,"href":"https:\/\/kraabmod.ee\/fi\/wp-json\/wp\/v2\/product_cat?post=8763"},{"taxonomy":"product_tag","embeddable":true,"href":"https:\/\/kraabmod.ee\/fi\/wp-json\/wp\/v2\/product_tag?post=8763"}],"curies":[{"name":"wp","href":"https:\/\/api.w.org\/{rel}","templated":true}]}}