{"id":8613,"date":"2019-05-01T11:57:50","date_gmt":"2019-05-01T11:57:50","guid":{"rendered":"https:\/\/kraabmod.ee\/ota-yhteytta\/"},"modified":"2026-03-26T18:21:17","modified_gmt":"2026-03-26T18:21:17","slug":"ota-yhteytta","status":"publish","type":"page","link":"https:\/\/kraabmod.ee\/fi\/ota-yhteytta\/","title":{"rendered":"Ota yhteytt\u00e4"},"content":{"rendered":"<div class=\"wpb-content-wrapper\"><p>[vc_row equal_height=&#8221;&#8221; border_color=&#8221;custom&#8221; border_style=&#8221;solid&#8221; gap=&#8221;60&#8243; shift_y=&#8221;0&#8243; z_index=&#8221;0&#8243; css=&#8221;.vc_custom_1569495226213{border-top-width: 0px !important;border-bottom-width: 0px !important;}&#8221; border_custom_color=&#8221;rgba(0,0,0,0.06)&#8221;][vc_column width=&#8221;1\/2&#8243;][vc_column_text]<\/p>\n<h4>K-SYSTEMS BALTIC O\u00dc<\/h4>\n<p><strong>Rekisterikoodi:<\/strong> 16877610<br \/>\n<strong>Varaston osoite:<\/strong> Lepa tee 4, Loo, 74201 Harju maakond<\/p>\n<p>Huomioittehan, ett\u00e4 n\u00e4yttelytilaan ja edustustoon p\u00e4\u00e4see vain etuk\u00e4teen sovitun ajanvarauksen perusteella. T\u00e4st\u00e4 syyst\u00e4 aukioloajat voivat vaihdella klo 9.00\u201321.00 v\u00e4lill\u00e4.<br \/>\nVierailuajan voi varata puhelimitse tai s\u00e4hk\u00f6postitse.<\/p>\n<p><strong>S\u00e4hk\u00f6posti:<\/strong> info@kraabmod.ee<br \/>\n<strong>Puhelin:<\/strong> +(372) 580 058 25<\/p>\n<p>Ma-Pe: 9:00 &#8211; 17:00<br \/>\nLa-Su: Suljettu[\/vc_column_text][\/vc_column][vc_column width=&#8221;1\/2&#8243;][\/vc_column][\/vc_row][vc_row][vc_column]<p>[vc_row content_width=\"full\" equal_height=\"\" shift_y=\"0\" z_index=\"0\"][vc_column][wvc_google_maps locations=\"%5B%7B%22name%22%3A%22Lepa%20tee%204%2C%20Loo%2C%2074201%20Harju%20maakond%22%2C%22coordinates%22%3A%2259.440216318660546%2C%2024.94039166914546%22%7D%5D\" zoom=\"6\" marker_color=\"darkgrey\"][\/vc_column][\/vc_row]<\/p>\r\n[\/vc_column][\/vc_row][vc_row equal_height=&#8221;&#8221; background_type=&#8221;image&#8221; gap=&#8221;60&#8243; shift_y=&#8221;0&#8243; z_index=&#8221;0&#8243;][vc_column width=&#8221;1\/2&#8243;][vc_custom_heading text=&#8221;Onko teill\u00e4 kysytt\u00e4v\u00e4\u00e4?&#8221; font_size=&#8221;24&#8243; text_align=&#8221;left&#8221; font_weight=&#8221;700&#8243;][vc_column_text css=&#8221;.vc_custom_1708638516610{margin-bottom: 30px !important;}&#8221;]T\u00e4yt\u00e4 lomake, niin otamme mielell\u00e4mme yhteytt\u00e4![\/vc_column_text][wvc_social_icons services=&#8221;facebook,instagram&#8221; alignment=&#8221;left&#8221; css_animation_each=&#8221;true&#8221; css_animation=&#8221;fade&#8221;][\/vc_column][vc_column width=&#8221;1\/2&#8243;]\n<div class=\"wpcf7 no-js\" id=\"wpcf7-f8883-o1\" lang=\"fi\" dir=\"ltr\" data-wpcf7-id=\"8883\">\n<div class=\"screen-reader-response\"><p role=\"status\" aria-live=\"polite\" aria-atomic=\"true\"><\/p> <ul><\/ul><\/div>\n<form action=\"\/fi\/wp-json\/wp\/v2\/pages\/8613#wpcf7-f8883-o1\" method=\"post\" class=\"wpcf7-form init\" aria-label=\"Yhteydenottolomake\" novalidate=\"novalidate\" data-status=\"init\">\n<fieldset class=\"hidden-fields-container\"><input type=\"hidden\" name=\"_wpcf7\" value=\"8883\" \/><input type=\"hidden\" name=\"_wpcf7_version\" value=\"6.1.5\" \/><input type=\"hidden\" name=\"_wpcf7_locale\" value=\"fi\" \/><input type=\"hidden\" name=\"_wpcf7_unit_tag\" value=\"wpcf7-f8883-o1\" \/><input type=\"hidden\" name=\"_wpcf7_container_post\" value=\"0\" \/><input type=\"hidden\" name=\"_wpcf7_posted_data_hash\" value=\"\" \/>\n<\/fieldset>\n<div class=\"wpcf7-inline-wrapper\">\n\t<p class=\"wpcf7-inline-field\"><span class=\"wpcf7-form-control-wrap\" data-name=\"awooc-text\"><input size=\"40\" maxlength=\"400\" class=\"wpcf7-form-control wpcf7-text wpcf7-validates-as-required\" aria-required=\"true\" aria-invalid=\"false\" placeholder=\"Nimesi*\" value=\"\" type=\"text\" name=\"awooc-text\" \/><\/span>\n\t<\/p>\n\t<p class=\"wpcf7-inline-field\"><span class=\"wpcf7-form-control-wrap\" data-name=\"awooc-email\"><input size=\"40\" maxlength=\"400\" class=\"wpcf7-form-control wpcf7-email wpcf7-validates-as-required wpcf7-text wpcf7-validates-as-email\" aria-required=\"true\" aria-invalid=\"false\" placeholder=\"S\u00e4hk\u00f6postiosoitteesi*\" value=\"\" type=\"email\" name=\"awooc-email\" \/><\/span>\n\t<\/p>\n\t<p class=\"wpcf7-inline-field\"><span class=\"wpcf7-form-control-wrap\" data-name=\"awooc-tel\"><input size=\"40\" maxlength=\"400\" class=\"wpcf7-form-control wpcf7-tel wpcf7-text wpcf7-validates-as-tel\" aria-invalid=\"false\" placeholder=\"Puhelimesi\" value=\"\" type=\"tel\" name=\"awooc-tel\" \/><\/span>\n\t<\/p>\n<\/div>\n<p class=\"wpcf7-inline-field\"><span class=\"wpcf7-form-control-wrap\" data-name=\"awooc-message\"><textarea cols=\"40\" rows=\"10\" maxlength=\"2000\" class=\"wpcf7-form-control wpcf7-textarea\" aria-invalid=\"false\" placeholder=\"Viesti\" name=\"awooc-message\"><\/textarea><\/span>\n<\/p>\n<p><span id=\"wpcf7-69f26bd223b17-wrapper\" class=\"wpcf7-form-control-wrap honeypot-759-wrap\" ><label for=\"wpcf7-69f26bd223b17-field\" class=\"hp-message\">Please leave this field empty.<\/label><input id=\"wpcf7-69f26bd223b17-field\"  class=\"wpcf7-form-control wpcf7-text\" type=\"text\" name=\"honeypot-759\" value=\"\" size=\"40\" tabindex=\"-1\" autocomplete=\"new-password\" \/><\/span><br \/>\n<input class=\"wpcf7-form-control wpcf7-submit has-spinner\" type=\"submit\" value=\"L\u00e4het\u00e4 osoitteeseen\" \/>\n<\/p><div class=\"wpcf7-response-output\" aria-hidden=\"true\"><\/div>\n<\/form>\n<\/div>\n[\/vc_column][\/vc_row]<\/p>\n<\/div>","protected":false},"excerpt":{"rendered":"<p>[vc_row equal_height=&#8221;&#8221; border_color=&#8221;custom&#8221; border_style=&#8221;solid&#8221; gap=&#8221;60&#8243; shift_y=&#8221;0&#8243; z_index=&#8221;0&#8243; css=&#8221;.vc_custom_1569495226213{border-top-width: 0px !important;border-bottom-width: 0px !important;}&#8221; border_custom_color=&#8221;rgba(0,0,0,0.06)&#8221;][vc_column width=&#8221;1\/2&#8243;][vc_column_text] K-SYSTEMS BALTIC O\u00dc Rekisterikoodi: 16877610 Varaston osoite: Lepa tee 4, Loo, 74201 Harju maakond Huomioittehan, ett\u00e4 n\u00e4yttelytilaan ja edustustoon p\u00e4\u00e4see vain etuk\u00e4teen sovitun ajanvarauksen perusteella. T\u00e4st\u00e4 syyst\u00e4 aukioloajat voivat vaihdella klo 9.00\u201321.00 v\u00e4lill\u00e4. Vierailuajan voi varata puhelimitse tai s\u00e4hk\u00f6postitse. S\u00e4hk\u00f6posti: info@kraabmod.ee&#8230;<\/p>\n<p><a rel=\"bookmark\" class=\"theme-button-text wvc-button wvc-button-size-xs\" href=\"https:\/\/kraabmod.ee\/fi\/ota-yhteytta\/\"><small class=\"wvc-button-background-fill\"><\/small><span>Continue reading<\/span><\/a><\/p>\n","protected":false},"author":1,"featured_media":8614,"parent":0,"menu_order":0,"comment_status":"closed","ping_status":"closed","template":"","meta":{"footnotes":""},"class_list":{"0":"post-8613","1":"page","2":"type-page","3":"status-publish","4":"has-post-thumbnail","5":"hentry","6":"entry","7":"clearfix","8":"entry-grid","9":"entry-columns-default","10":"entry-page-module-layout-standard","11":"thumbnail-color-tone-light","12":"entry-page","14":"entry-page-grid"},"yoast_head":"<!-- This site is optimized with the Yoast SEO plugin v27.4 - https:\/\/yoast.com\/product\/yoast-seo-wordpress\/ -->\n<title>Ota yhteytt\u00e4 | Kraabmod<\/title>\n<meta name=\"robots\" content=\"index, follow, max-snippet:-1, max-image-preview:large, max-video-preview:-1\" \/>\n<link rel=\"canonical\" href=\"https:\/\/kraabmod.ee\/fi\/ota-yhteytta\/\" \/>\n<meta property=\"og:locale\" content=\"fi_FI\" \/>\n<meta property=\"og:type\" content=\"article\" \/>\n<meta property=\"og:title\" content=\"Ota yhteytt\u00e4 | Kraabmod\" \/>\n<meta property=\"og:description\" content=\"[vc_row equal_height=&#8221;&#8221; border_color=&#8221;custom&#8221; border_style=&#8221;solid&#8221; gap=&#8221;60&#8243; shift_y=&#8221;0&#8243; z_index=&#8221;0&#8243; css=&#8221;.vc_custom_1569495226213{border-top-width: 0px !important;border-bottom-width: 0px !important;}&#8221; border_custom_color=&#8221;rgba(0,0,0,0.06)&#8221;][vc_column width=&#8221;1\/2&#8243;][vc_column_text] K-SYSTEMS BALTIC O\u00dc Rekisterikoodi: 16877610 Varaston osoite: Lepa tee 4, Loo, 74201 Harju maakond Huomioittehan, ett\u00e4 n\u00e4yttelytilaan ja edustustoon p\u00e4\u00e4see vain etuk\u00e4teen sovitun ajanvarauksen perusteella. T\u00e4st\u00e4 syyst\u00e4 aukioloajat voivat vaihdella klo 9.00\u201321.00 v\u00e4lill\u00e4. Vierailuajan voi varata puhelimitse tai s\u00e4hk\u00f6postitse. S\u00e4hk\u00f6posti: info@kraabmod.ee...Continue reading\" \/>\n<meta property=\"og:url\" content=\"https:\/\/kraabmod.ee\/fi\/ota-yhteytta\/\" \/>\n<meta property=\"og:site_name\" content=\"Kraabmod\" \/>\n<meta property=\"article:publisher\" content=\"https:\/\/www.facebook.com\/kraabmod\/\" \/>\n<meta property=\"article:modified_time\" content=\"2026-03-26T18:21:17+00:00\" \/>\n<meta property=\"og:image\" content=\"https:\/\/kraabmod.ee\/wp-content\/uploads\/2019\/09\/architecture-building-chairs-1066375.jpg\" \/>\n\t<meta property=\"og:image:width\" content=\"2000\" \/>\n\t<meta property=\"og:image:height\" content=\"1600\" \/>\n\t<meta property=\"og:image:type\" content=\"image\/jpeg\" \/>\n<meta name=\"twitter:card\" content=\"summary_large_image\" \/>\n<meta name=\"twitter:label1\" content=\"Arvioitu lukuaika\" \/>\n\t<meta name=\"twitter:data1\" content=\"1 minuutti\" \/>\n<script type=\"application\/ld+json\" class=\"yoast-schema-graph\">{\"@context\":\"https:\\\/\\\/schema.org\",\"@graph\":[{\"@type\":\"WebPage\",\"@id\":\"https:\\\/\\\/kraabmod.ee\\\/fi\\\/ota-yhteytta\\\/\",\"url\":\"https:\\\/\\\/kraabmod.ee\\\/fi\\\/ota-yhteytta\\\/\",\"name\":\"Ota yhteytt\u00e4 | Kraabmod\",\"isPartOf\":{\"@id\":\"https:\\\/\\\/kraabmod.ee\\\/fi\\\/#website\"},\"primaryImageOfPage\":{\"@id\":\"https:\\\/\\\/kraabmod.ee\\\/fi\\\/ota-yhteytta\\\/#primaryimage\"},\"image\":{\"@id\":\"https:\\\/\\\/kraabmod.ee\\\/fi\\\/ota-yhteytta\\\/#primaryimage\"},\"thumbnailUrl\":\"https:\\\/\\\/kraabmod.ee\\\/wp-content\\\/uploads\\\/2019\\\/09\\\/architecture-building-chairs-1066375.jpg\",\"datePublished\":\"2019-05-01T11:57:50+00:00\",\"dateModified\":\"2026-03-26T18:21:17+00:00\",\"breadcrumb\":{\"@id\":\"https:\\\/\\\/kraabmod.ee\\\/fi\\\/ota-yhteytta\\\/#breadcrumb\"},\"inLanguage\":\"fi\",\"potentialAction\":[{\"@type\":\"ReadAction\",\"target\":[\"https:\\\/\\\/kraabmod.ee\\\/fi\\\/ota-yhteytta\\\/\"]}]},{\"@type\":\"ImageObject\",\"inLanguage\":\"fi\",\"@id\":\"https:\\\/\\\/kraabmod.ee\\\/fi\\\/ota-yhteytta\\\/#primaryimage\",\"url\":\"https:\\\/\\\/kraabmod.ee\\\/wp-content\\\/uploads\\\/2019\\\/09\\\/architecture-building-chairs-1066375.jpg\",\"contentUrl\":\"https:\\\/\\\/kraabmod.ee\\\/wp-content\\\/uploads\\\/2019\\\/09\\\/architecture-building-chairs-1066375.jpg\",\"width\":2000,\"height\":1600},{\"@type\":\"BreadcrumbList\",\"@id\":\"https:\\\/\\\/kraabmod.ee\\\/fi\\\/ota-yhteytta\\\/#breadcrumb\",\"itemListElement\":[{\"@type\":\"ListItem\",\"position\":1,\"name\":\"Home\",\"item\":\"https:\\\/\\\/kraabmod.ee\\\/fi\\\/\"},{\"@type\":\"ListItem\",\"position\":2,\"name\":\"Ota yhteytt\u00e4\"}]},{\"@type\":\"WebSite\",\"@id\":\"https:\\\/\\\/kraabmod.ee\\\/fi\\\/#website\",\"url\":\"https:\\\/\\\/kraabmod.ee\\\/fi\\\/\",\"name\":\"Kraabmod\",\"description\":\"Profile systems for modern interiors.\",\"publisher\":{\"@id\":\"https:\\\/\\\/kraabmod.ee\\\/fi\\\/#organization\"},\"potentialAction\":[{\"@type\":\"SearchAction\",\"target\":{\"@type\":\"EntryPoint\",\"urlTemplate\":\"https:\\\/\\\/kraabmod.ee\\\/fi\\\/?s={search_term_string}\"},\"query-input\":{\"@type\":\"PropertyValueSpecification\",\"valueRequired\":true,\"valueName\":\"search_term_string\"}}],\"inLanguage\":\"fi\"},{\"@type\":\"Organization\",\"@id\":\"https:\\\/\\\/kraabmod.ee\\\/fi\\\/#organization\",\"name\":\"K-SYSTEMS BALTIC O\u00dc\",\"url\":\"https:\\\/\\\/kraabmod.ee\\\/fi\\\/\",\"logo\":{\"@type\":\"ImageObject\",\"inLanguage\":\"fi\",\"@id\":\"https:\\\/\\\/kraabmod.ee\\\/fi\\\/#\\\/schema\\\/logo\\\/image\\\/\",\"url\":\"https:\\\/\\\/kraabmod.ee\\\/wp-content\\\/uploads\\\/2024\\\/03\\\/logo_kraab.png\",\"contentUrl\":\"https:\\\/\\\/kraabmod.ee\\\/wp-content\\\/uploads\\\/2024\\\/03\\\/logo_kraab.png\",\"width\":696,\"height\":696,\"caption\":\"K-SYSTEMS BALTIC O\u00dc\"},\"image\":{\"@id\":\"https:\\\/\\\/kraabmod.ee\\\/fi\\\/#\\\/schema\\\/logo\\\/image\\\/\"},\"sameAs\":[\"https:\\\/\\\/www.facebook.com\\\/kraabmod\\\/\",\"https:\\\/\\\/www.instagram.com\\\/kraabmod\\\/\"]}]}<\/script>\n<!-- \/ Yoast SEO plugin. -->","yoast_head_json":{"title":"Ota yhteytt\u00e4 | Kraabmod","robots":{"index":"index","follow":"follow","max-snippet":"max-snippet:-1","max-image-preview":"max-image-preview:large","max-video-preview":"max-video-preview:-1"},"canonical":"https:\/\/kraabmod.ee\/fi\/ota-yhteytta\/","og_locale":"fi_FI","og_type":"article","og_title":"Ota yhteytt\u00e4 | Kraabmod","og_description":"[vc_row equal_height=&#8221;&#8221; border_color=&#8221;custom&#8221; border_style=&#8221;solid&#8221; gap=&#8221;60&#8243; shift_y=&#8221;0&#8243; z_index=&#8221;0&#8243; css=&#8221;.vc_custom_1569495226213{border-top-width: 0px !important;border-bottom-width: 0px !important;}&#8221; border_custom_color=&#8221;rgba(0,0,0,0.06)&#8221;][vc_column width=&#8221;1\/2&#8243;][vc_column_text] K-SYSTEMS BALTIC O\u00dc Rekisterikoodi: 16877610 Varaston osoite: Lepa tee 4, Loo, 74201 Harju maakond Huomioittehan, ett\u00e4 n\u00e4yttelytilaan ja edustustoon p\u00e4\u00e4see vain etuk\u00e4teen sovitun ajanvarauksen perusteella. T\u00e4st\u00e4 syyst\u00e4 aukioloajat voivat vaihdella klo 9.00\u201321.00 v\u00e4lill\u00e4. Vierailuajan voi varata puhelimitse tai s\u00e4hk\u00f6postitse. S\u00e4hk\u00f6posti: info@kraabmod.ee...Continue reading","og_url":"https:\/\/kraabmod.ee\/fi\/ota-yhteytta\/","og_site_name":"Kraabmod","article_publisher":"https:\/\/www.facebook.com\/kraabmod\/","article_modified_time":"2026-03-26T18:21:17+00:00","og_image":[{"width":2000,"height":1600,"url":"https:\/\/kraabmod.ee\/wp-content\/uploads\/2019\/09\/architecture-building-chairs-1066375.jpg","type":"image\/jpeg"}],"twitter_card":"summary_large_image","twitter_misc":{"Arvioitu lukuaika":"1 minuutti"},"schema":{"@context":"https:\/\/schema.org","@graph":[{"@type":"WebPage","@id":"https:\/\/kraabmod.ee\/fi\/ota-yhteytta\/","url":"https:\/\/kraabmod.ee\/fi\/ota-yhteytta\/","name":"Ota yhteytt\u00e4 | Kraabmod","isPartOf":{"@id":"https:\/\/kraabmod.ee\/fi\/#website"},"primaryImageOfPage":{"@id":"https:\/\/kraabmod.ee\/fi\/ota-yhteytta\/#primaryimage"},"image":{"@id":"https:\/\/kraabmod.ee\/fi\/ota-yhteytta\/#primaryimage"},"thumbnailUrl":"https:\/\/kraabmod.ee\/wp-content\/uploads\/2019\/09\/architecture-building-chairs-1066375.jpg","datePublished":"2019-05-01T11:57:50+00:00","dateModified":"2026-03-26T18:21:17+00:00","breadcrumb":{"@id":"https:\/\/kraabmod.ee\/fi\/ota-yhteytta\/#breadcrumb"},"inLanguage":"fi","potentialAction":[{"@type":"ReadAction","target":["https:\/\/kraabmod.ee\/fi\/ota-yhteytta\/"]}]},{"@type":"ImageObject","inLanguage":"fi","@id":"https:\/\/kraabmod.ee\/fi\/ota-yhteytta\/#primaryimage","url":"https:\/\/kraabmod.ee\/wp-content\/uploads\/2019\/09\/architecture-building-chairs-1066375.jpg","contentUrl":"https:\/\/kraabmod.ee\/wp-content\/uploads\/2019\/09\/architecture-building-chairs-1066375.jpg","width":2000,"height":1600},{"@type":"BreadcrumbList","@id":"https:\/\/kraabmod.ee\/fi\/ota-yhteytta\/#breadcrumb","itemListElement":[{"@type":"ListItem","position":1,"name":"Home","item":"https:\/\/kraabmod.ee\/fi\/"},{"@type":"ListItem","position":2,"name":"Ota yhteytt\u00e4"}]},{"@type":"WebSite","@id":"https:\/\/kraabmod.ee\/fi\/#website","url":"https:\/\/kraabmod.ee\/fi\/","name":"Kraabmod","description":"Profile systems for modern interiors.","publisher":{"@id":"https:\/\/kraabmod.ee\/fi\/#organization"},"potentialAction":[{"@type":"SearchAction","target":{"@type":"EntryPoint","urlTemplate":"https:\/\/kraabmod.ee\/fi\/?s={search_term_string}"},"query-input":{"@type":"PropertyValueSpecification","valueRequired":true,"valueName":"search_term_string"}}],"inLanguage":"fi"},{"@type":"Organization","@id":"https:\/\/kraabmod.ee\/fi\/#organization","name":"K-SYSTEMS BALTIC O\u00dc","url":"https:\/\/kraabmod.ee\/fi\/","logo":{"@type":"ImageObject","inLanguage":"fi","@id":"https:\/\/kraabmod.ee\/fi\/#\/schema\/logo\/image\/","url":"https:\/\/kraabmod.ee\/wp-content\/uploads\/2024\/03\/logo_kraab.png","contentUrl":"https:\/\/kraabmod.ee\/wp-content\/uploads\/2024\/03\/logo_kraab.png","width":696,"height":696,"caption":"K-SYSTEMS BALTIC O\u00dc"},"image":{"@id":"https:\/\/kraabmod.ee\/fi\/#\/schema\/logo\/image\/"},"sameAs":["https:\/\/www.facebook.com\/kraabmod\/","https:\/\/www.instagram.com\/kraabmod\/"]}]}},"_links":{"self":[{"href":"https:\/\/kraabmod.ee\/fi\/wp-json\/wp\/v2\/pages\/8613","targetHints":{"allow":["GET"]}}],"collection":[{"href":"https:\/\/kraabmod.ee\/fi\/wp-json\/wp\/v2\/pages"}],"about":[{"href":"https:\/\/kraabmod.ee\/fi\/wp-json\/wp\/v2\/types\/page"}],"author":[{"embeddable":true,"href":"https:\/\/kraabmod.ee\/fi\/wp-json\/wp\/v2\/users\/1"}],"replies":[{"embeddable":true,"href":"https:\/\/kraabmod.ee\/fi\/wp-json\/wp\/v2\/comments?post=8613"}],"version-history":[{"count":6,"href":"https:\/\/kraabmod.ee\/fi\/wp-json\/wp\/v2\/pages\/8613\/revisions"}],"predecessor-version":[{"id":9381,"href":"https:\/\/kraabmod.ee\/fi\/wp-json\/wp\/v2\/pages\/8613\/revisions\/9381"}],"wp:featuredmedia":[{"embeddable":true,"href":"https:\/\/kraabmod.ee\/fi\/wp-json\/wp\/v2\/media\/8614"}],"wp:attachment":[{"href":"https:\/\/kraabmod.ee\/fi\/wp-json\/wp\/v2\/media?parent=8613"}],"curies":[{"name":"wp","href":"https:\/\/api.w.org\/{rel}","templated":true}]}}