{"id":8608,"date":"2019-05-02T09:02:59","date_gmt":"2019-05-02T09:02:59","guid":{"rendered":"https:\/\/kraabmod.ee\/faq\/"},"modified":"2024-04-29T01:19:57","modified_gmt":"2024-04-29T01:19:57","slug":"faq","status":"publish","type":"page","link":"https:\/\/kraabmod.ee\/fi\/faq\/","title":{"rendered":"FAQ"},"content":{"rendered":"<div class=\"wpb-content-wrapper\"><p>[vc_row][vc_column][vc_accordion][vc_accordion_tab title=&#8221;Miksi teill\u00e4 ei ole hintoja?&#8221;][vc_column_text]Hinnat vaihtelevat ja riippuvat my\u00f6s tilauksen m\u00e4\u00e4r\u00e4st\u00e4. Hinnat m\u00e4\u00e4rittelee johtaja.[\/vc_column_text][\/vc_accordion_tab][vc_accordion_tab title=&#8221;Annatteko takuun rakennusmateriaaleille? Onko teill\u00e4 todistuksia tavaroista?&#8221;][vc_column_text]Kaikista tavaroista on saatavilla todistuksia. Takuu annetaan tavaroille tehtaan &#8211; tuotteiden valmistajan takuuaikana.[\/vc_column_text][\/vc_accordion_tab][vc_accordion_tab title=&#8221;Miten tehd\u00e4 tilaus?&#8221;][vc_column_text]Valitse kiinnostava artikkeli ja l\u00e4het\u00e4 pyynt\u00f6, jossa on kuvaus ja yhteystiedot. T\u00e4m\u00e4n j\u00e4lkeen johtajamme ottaa sinuun yhteytt\u00e4 selvitt\u00e4\u00e4kseen yksityiskohtia, tarvittaessa neuvoo sinua m\u00e4\u00e4r\u00e4n, tyypin jne. suhteen.[\/vc_column_text][\/vc_accordion_tab][vc_accordion_tab title=&#8221;Miten tilaus maksetaan?&#8221;][vc_column_text]Nyt k\u00e4ytett\u00e4viss\u00e4 ovat seuraavat maksutavat:<\/p>\n<ul>\n<li>K\u00e4teismaksu<\/li>\n<li>K\u00e4teismaksu<\/li>\n<li>Maksu Visa- ja MasterCard-korteilla<\/li>\n<\/ul>\n<p>[\/vc_column_text][\/vc_accordion_tab][vc_accordion_tab title=&#8221;Mitk\u00e4 ovat toimitusvaihtoehdot?&#8221;][vc_column_text]Tarjoamme osoitetoimitusta sek\u00e4 itse toimitusta varastostamme.[\/vc_column_text][\/vc_accordion_tab][vc_accordion_tab title=&#8221;Toimitusaika?&#8221;][vc_column_text]3 ty\u00f6p\u00e4iv\u00e4n kuluessa.[\/vc_column_text][\/vc_accordion_tab][vc_accordion_tab title=&#8221;Onko palautus ja vaihto mahdollista?&#8221;][vc_column_text]Kaikki tavarat on tarkastettava vastaanoton yhteydess\u00e4. Vaatimuksia ei hyv\u00e4ksyt\u00e4 vastaanottamisen j\u00e4lkeen.[\/vc_column_text][\/vc_accordion_tab][\/vc_accordion][\/vc_column][\/vc_row]<\/p>\n<\/div>","protected":false},"excerpt":{"rendered":"<p>[vc_row][vc_column][vc_accordion][vc_accordion_tab title=&#8221;Miksi teill\u00e4 ei ole hintoja?&#8221;][vc_column_text]Hinnat vaihtelevat ja riippuvat my\u00f6s tilauksen m\u00e4\u00e4r\u00e4st\u00e4. Hinnat m\u00e4\u00e4rittelee johtaja.[\/vc_column_text][\/vc_accordion_tab][vc_accordion_tab title=&#8221;Annatteko takuun rakennusmateriaaleille? Onko teill\u00e4 todistuksia tavaroista?&#8221;][vc_column_text]Kaikista tavaroista on saatavilla todistuksia. Takuu annetaan tavaroille tehtaan &#8211; tuotteiden valmistajan takuuaikana.[\/vc_column_text][\/vc_accordion_tab][vc_accordion_tab title=&#8221;Miten tehd\u00e4 tilaus?&#8221;][vc_column_text]Valitse kiinnostava artikkeli ja l\u00e4het\u00e4 pyynt\u00f6, jossa on kuvaus ja yhteystiedot. T\u00e4m\u00e4n j\u00e4lkeen johtajamme ottaa sinuun yhteytt\u00e4 selvitt\u00e4\u00e4kseen yksityiskohtia,&#8230;<\/p>\n<p><a rel=\"bookmark\" class=\"theme-button-text wvc-button wvc-button-size-xs\" href=\"https:\/\/kraabmod.ee\/fi\/faq\/\"><small class=\"wvc-button-background-fill\"><\/small><span>Continue reading<\/span><\/a><\/p>\n","protected":false},"author":1,"featured_media":8609,"parent":0,"menu_order":0,"comment_status":"closed","ping_status":"closed","template":"","meta":{"footnotes":""},"class_list":{"0":"post-8608","1":"page","2":"type-page","3":"status-publish","4":"has-post-thumbnail","5":"hentry","6":"entry","7":"clearfix","8":"entry-grid","9":"entry-columns-default","10":"entry-page-module-layout-standard","11":"thumbnail-color-tone-dark","12":"metro-portrait","13":"entry-page","15":"entry-page-grid"},"yoast_head":"<!-- This site is optimized with the Yoast SEO plugin v27.4 - https:\/\/yoast.com\/product\/yoast-seo-wordpress\/ -->\n<title>FAQ | Kraabmod<\/title>\n<meta name=\"robots\" content=\"index, follow, max-snippet:-1, max-image-preview:large, max-video-preview:-1\" \/>\n<link rel=\"canonical\" href=\"https:\/\/kraabmod.ee\/fi\/faq\/\" \/>\n<meta property=\"og:locale\" content=\"fi_FI\" \/>\n<meta property=\"og:type\" content=\"article\" \/>\n<meta property=\"og:title\" content=\"FAQ | Kraabmod\" \/>\n<meta property=\"og:description\" content=\"[vc_row][vc_column][vc_accordion][vc_accordion_tab title=&#8221;Miksi teill\u00e4 ei ole hintoja?&#8221;][vc_column_text]Hinnat vaihtelevat ja riippuvat my\u00f6s tilauksen m\u00e4\u00e4r\u00e4st\u00e4. Hinnat m\u00e4\u00e4rittelee johtaja.[\/vc_column_text][\/vc_accordion_tab][vc_accordion_tab title=&#8221;Annatteko takuun rakennusmateriaaleille? Onko teill\u00e4 todistuksia tavaroista?&#8221;][vc_column_text]Kaikista tavaroista on saatavilla todistuksia. Takuu annetaan tavaroille tehtaan &#8211; tuotteiden valmistajan takuuaikana.[\/vc_column_text][\/vc_accordion_tab][vc_accordion_tab title=&#8221;Miten tehd\u00e4 tilaus?&#8221;][vc_column_text]Valitse kiinnostava artikkeli ja l\u00e4het\u00e4 pyynt\u00f6, jossa on kuvaus ja yhteystiedot. T\u00e4m\u00e4n j\u00e4lkeen johtajamme ottaa sinuun yhteytt\u00e4 selvitt\u00e4\u00e4kseen yksityiskohtia,...Continue reading\" \/>\n<meta property=\"og:url\" content=\"https:\/\/kraabmod.ee\/fi\/faq\/\" \/>\n<meta property=\"og:site_name\" content=\"Kraabmod\" \/>\n<meta property=\"article:publisher\" content=\"https:\/\/www.facebook.com\/kraabmod\/\" \/>\n<meta property=\"article:modified_time\" content=\"2024-04-29T01:19:57+00:00\" \/>\n<meta property=\"og:image\" content=\"https:\/\/kraabmod.ee\/wp-content\/uploads\/2019\/09\/maros-fecik-dyNa48QQNd0-unsplash-scaled.jpg\" \/>\n\t<meta property=\"og:image:width\" content=\"1707\" \/>\n\t<meta property=\"og:image:height\" content=\"2560\" \/>\n\t<meta property=\"og:image:type\" content=\"image\/jpeg\" \/>\n<meta name=\"twitter:card\" content=\"summary_large_image\" \/>\n<meta name=\"twitter:label1\" content=\"Arvioitu lukuaika\" \/>\n\t<meta name=\"twitter:data1\" content=\"1 minuutti\" \/>\n<script type=\"application\/ld+json\" class=\"yoast-schema-graph\">{\"@context\":\"https:\\\/\\\/schema.org\",\"@graph\":[{\"@type\":\"WebPage\",\"@id\":\"https:\\\/\\\/kraabmod.ee\\\/fi\\\/faq\\\/\",\"url\":\"https:\\\/\\\/kraabmod.ee\\\/fi\\\/faq\\\/\",\"name\":\"FAQ | Kraabmod\",\"isPartOf\":{\"@id\":\"https:\\\/\\\/kraabmod.ee\\\/fi\\\/#website\"},\"primaryImageOfPage\":{\"@id\":\"https:\\\/\\\/kraabmod.ee\\\/fi\\\/faq\\\/#primaryimage\"},\"image\":{\"@id\":\"https:\\\/\\\/kraabmod.ee\\\/fi\\\/faq\\\/#primaryimage\"},\"thumbnailUrl\":\"https:\\\/\\\/kraabmod.ee\\\/wp-content\\\/uploads\\\/2019\\\/09\\\/maros-fecik-dyNa48QQNd0-unsplash-scaled.jpg\",\"datePublished\":\"2019-05-02T09:02:59+00:00\",\"dateModified\":\"2024-04-29T01:19:57+00:00\",\"breadcrumb\":{\"@id\":\"https:\\\/\\\/kraabmod.ee\\\/fi\\\/faq\\\/#breadcrumb\"},\"inLanguage\":\"fi\",\"potentialAction\":[{\"@type\":\"ReadAction\",\"target\":[\"https:\\\/\\\/kraabmod.ee\\\/fi\\\/faq\\\/\"]}]},{\"@type\":\"ImageObject\",\"inLanguage\":\"fi\",\"@id\":\"https:\\\/\\\/kraabmod.ee\\\/fi\\\/faq\\\/#primaryimage\",\"url\":\"https:\\\/\\\/kraabmod.ee\\\/wp-content\\\/uploads\\\/2019\\\/09\\\/maros-fecik-dyNa48QQNd0-unsplash-scaled.jpg\",\"contentUrl\":\"https:\\\/\\\/kraabmod.ee\\\/wp-content\\\/uploads\\\/2019\\\/09\\\/maros-fecik-dyNa48QQNd0-unsplash-scaled.jpg\",\"width\":1707,\"height\":2560},{\"@type\":\"BreadcrumbList\",\"@id\":\"https:\\\/\\\/kraabmod.ee\\\/fi\\\/faq\\\/#breadcrumb\",\"itemListElement\":[{\"@type\":\"ListItem\",\"position\":1,\"name\":\"Home\",\"item\":\"https:\\\/\\\/kraabmod.ee\\\/fi\\\/\"},{\"@type\":\"ListItem\",\"position\":2,\"name\":\"FAQ\"}]},{\"@type\":\"WebSite\",\"@id\":\"https:\\\/\\\/kraabmod.ee\\\/fi\\\/#website\",\"url\":\"https:\\\/\\\/kraabmod.ee\\\/fi\\\/\",\"name\":\"Kraabmod\",\"description\":\"Profile systems for modern interiors.\",\"publisher\":{\"@id\":\"https:\\\/\\\/kraabmod.ee\\\/fi\\\/#organization\"},\"potentialAction\":[{\"@type\":\"SearchAction\",\"target\":{\"@type\":\"EntryPoint\",\"urlTemplate\":\"https:\\\/\\\/kraabmod.ee\\\/fi\\\/?s={search_term_string}\"},\"query-input\":{\"@type\":\"PropertyValueSpecification\",\"valueRequired\":true,\"valueName\":\"search_term_string\"}}],\"inLanguage\":\"fi\"},{\"@type\":\"Organization\",\"@id\":\"https:\\\/\\\/kraabmod.ee\\\/fi\\\/#organization\",\"name\":\"K-SYSTEMS BALTIC O\u00dc\",\"url\":\"https:\\\/\\\/kraabmod.ee\\\/fi\\\/\",\"logo\":{\"@type\":\"ImageObject\",\"inLanguage\":\"fi\",\"@id\":\"https:\\\/\\\/kraabmod.ee\\\/fi\\\/#\\\/schema\\\/logo\\\/image\\\/\",\"url\":\"https:\\\/\\\/kraabmod.ee\\\/wp-content\\\/uploads\\\/2024\\\/03\\\/logo_kraab.png\",\"contentUrl\":\"https:\\\/\\\/kraabmod.ee\\\/wp-content\\\/uploads\\\/2024\\\/03\\\/logo_kraab.png\",\"width\":696,\"height\":696,\"caption\":\"K-SYSTEMS BALTIC O\u00dc\"},\"image\":{\"@id\":\"https:\\\/\\\/kraabmod.ee\\\/fi\\\/#\\\/schema\\\/logo\\\/image\\\/\"},\"sameAs\":[\"https:\\\/\\\/www.facebook.com\\\/kraabmod\\\/\",\"https:\\\/\\\/www.instagram.com\\\/kraabmod\\\/\"]}]}<\/script>\n<!-- \/ Yoast SEO plugin. -->","yoast_head_json":{"title":"FAQ | Kraabmod","robots":{"index":"index","follow":"follow","max-snippet":"max-snippet:-1","max-image-preview":"max-image-preview:large","max-video-preview":"max-video-preview:-1"},"canonical":"https:\/\/kraabmod.ee\/fi\/faq\/","og_locale":"fi_FI","og_type":"article","og_title":"FAQ | Kraabmod","og_description":"[vc_row][vc_column][vc_accordion][vc_accordion_tab title=&#8221;Miksi teill\u00e4 ei ole hintoja?&#8221;][vc_column_text]Hinnat vaihtelevat ja riippuvat my\u00f6s tilauksen m\u00e4\u00e4r\u00e4st\u00e4. Hinnat m\u00e4\u00e4rittelee johtaja.[\/vc_column_text][\/vc_accordion_tab][vc_accordion_tab title=&#8221;Annatteko takuun rakennusmateriaaleille? Onko teill\u00e4 todistuksia tavaroista?&#8221;][vc_column_text]Kaikista tavaroista on saatavilla todistuksia. Takuu annetaan tavaroille tehtaan &#8211; tuotteiden valmistajan takuuaikana.[\/vc_column_text][\/vc_accordion_tab][vc_accordion_tab title=&#8221;Miten tehd\u00e4 tilaus?&#8221;][vc_column_text]Valitse kiinnostava artikkeli ja l\u00e4het\u00e4 pyynt\u00f6, jossa on kuvaus ja yhteystiedot. T\u00e4m\u00e4n j\u00e4lkeen johtajamme ottaa sinuun yhteytt\u00e4 selvitt\u00e4\u00e4kseen yksityiskohtia,...Continue reading","og_url":"https:\/\/kraabmod.ee\/fi\/faq\/","og_site_name":"Kraabmod","article_publisher":"https:\/\/www.facebook.com\/kraabmod\/","article_modified_time":"2024-04-29T01:19:57+00:00","og_image":[{"width":1707,"height":2560,"url":"https:\/\/kraabmod.ee\/wp-content\/uploads\/2019\/09\/maros-fecik-dyNa48QQNd0-unsplash-scaled.jpg","type":"image\/jpeg"}],"twitter_card":"summary_large_image","twitter_misc":{"Arvioitu lukuaika":"1 minuutti"},"schema":{"@context":"https:\/\/schema.org","@graph":[{"@type":"WebPage","@id":"https:\/\/kraabmod.ee\/fi\/faq\/","url":"https:\/\/kraabmod.ee\/fi\/faq\/","name":"FAQ | Kraabmod","isPartOf":{"@id":"https:\/\/kraabmod.ee\/fi\/#website"},"primaryImageOfPage":{"@id":"https:\/\/kraabmod.ee\/fi\/faq\/#primaryimage"},"image":{"@id":"https:\/\/kraabmod.ee\/fi\/faq\/#primaryimage"},"thumbnailUrl":"https:\/\/kraabmod.ee\/wp-content\/uploads\/2019\/09\/maros-fecik-dyNa48QQNd0-unsplash-scaled.jpg","datePublished":"2019-05-02T09:02:59+00:00","dateModified":"2024-04-29T01:19:57+00:00","breadcrumb":{"@id":"https:\/\/kraabmod.ee\/fi\/faq\/#breadcrumb"},"inLanguage":"fi","potentialAction":[{"@type":"ReadAction","target":["https:\/\/kraabmod.ee\/fi\/faq\/"]}]},{"@type":"ImageObject","inLanguage":"fi","@id":"https:\/\/kraabmod.ee\/fi\/faq\/#primaryimage","url":"https:\/\/kraabmod.ee\/wp-content\/uploads\/2019\/09\/maros-fecik-dyNa48QQNd0-unsplash-scaled.jpg","contentUrl":"https:\/\/kraabmod.ee\/wp-content\/uploads\/2019\/09\/maros-fecik-dyNa48QQNd0-unsplash-scaled.jpg","width":1707,"height":2560},{"@type":"BreadcrumbList","@id":"https:\/\/kraabmod.ee\/fi\/faq\/#breadcrumb","itemListElement":[{"@type":"ListItem","position":1,"name":"Home","item":"https:\/\/kraabmod.ee\/fi\/"},{"@type":"ListItem","position":2,"name":"FAQ"}]},{"@type":"WebSite","@id":"https:\/\/kraabmod.ee\/fi\/#website","url":"https:\/\/kraabmod.ee\/fi\/","name":"Kraabmod","description":"Profile systems for modern interiors.","publisher":{"@id":"https:\/\/kraabmod.ee\/fi\/#organization"},"potentialAction":[{"@type":"SearchAction","target":{"@type":"EntryPoint","urlTemplate":"https:\/\/kraabmod.ee\/fi\/?s={search_term_string}"},"query-input":{"@type":"PropertyValueSpecification","valueRequired":true,"valueName":"search_term_string"}}],"inLanguage":"fi"},{"@type":"Organization","@id":"https:\/\/kraabmod.ee\/fi\/#organization","name":"K-SYSTEMS BALTIC O\u00dc","url":"https:\/\/kraabmod.ee\/fi\/","logo":{"@type":"ImageObject","inLanguage":"fi","@id":"https:\/\/kraabmod.ee\/fi\/#\/schema\/logo\/image\/","url":"https:\/\/kraabmod.ee\/wp-content\/uploads\/2024\/03\/logo_kraab.png","contentUrl":"https:\/\/kraabmod.ee\/wp-content\/uploads\/2024\/03\/logo_kraab.png","width":696,"height":696,"caption":"K-SYSTEMS BALTIC O\u00dc"},"image":{"@id":"https:\/\/kraabmod.ee\/fi\/#\/schema\/logo\/image\/"},"sameAs":["https:\/\/www.facebook.com\/kraabmod\/","https:\/\/www.instagram.com\/kraabmod\/"]}]}},"_links":{"self":[{"href":"https:\/\/kraabmod.ee\/fi\/wp-json\/wp\/v2\/pages\/8608","targetHints":{"allow":["GET"]}}],"collection":[{"href":"https:\/\/kraabmod.ee\/fi\/wp-json\/wp\/v2\/pages"}],"about":[{"href":"https:\/\/kraabmod.ee\/fi\/wp-json\/wp\/v2\/types\/page"}],"author":[{"embeddable":true,"href":"https:\/\/kraabmod.ee\/fi\/wp-json\/wp\/v2\/users\/1"}],"replies":[{"embeddable":true,"href":"https:\/\/kraabmod.ee\/fi\/wp-json\/wp\/v2\/comments?post=8608"}],"version-history":[{"count":2,"href":"https:\/\/kraabmod.ee\/fi\/wp-json\/wp\/v2\/pages\/8608\/revisions"}],"predecessor-version":[{"id":8611,"href":"https:\/\/kraabmod.ee\/fi\/wp-json\/wp\/v2\/pages\/8608\/revisions\/8611"}],"wp:featuredmedia":[{"embeddable":true,"href":"https:\/\/kraabmod.ee\/fi\/wp-json\/wp\/v2\/media\/8609"}],"wp:attachment":[{"href":"https:\/\/kraabmod.ee\/fi\/wp-json\/wp\/v2\/media?parent=8608"}],"curies":[{"name":"wp","href":"https:\/\/api.w.org\/{rel}","templated":true}]}}