{"id":8585,"date":"2019-05-01T15:19:31","date_gmt":"2019-05-01T15:19:31","guid":{"rendered":"https:\/\/kraabmod.ee\/ehdot-ja-edellytykset\/"},"modified":"2024-03-30T22:03:43","modified_gmt":"2024-03-30T22:03:43","slug":"ehdot-ja-edellytykset","status":"publish","type":"page","link":"https:\/\/kraabmod.ee\/fi\/ehdot-ja-edellytykset\/","title":{"rendered":"Ehdot ja edellytykset"},"content":{"rendered":"<div class=\"wpb-content-wrapper\"><p>[vc_row content_width=&#8221;small&#8221; equal_height=&#8221;&#8221; shift_y=&#8221;0&#8243; z_index=&#8221;0&#8243;][vc_column][vc_column_text]<strong>Ehdot ja edellytykset<\/strong><\/p>\n<p><strong>Sopimus<\/strong><\/p>\n<p>T\u00e4m\u00e4 sopimus on sinun (Ostaja) ja <strong>K-SYSTEMS BALTIC O\u00dc:<\/strong> n (Myyj\u00e4) v\u00e4linen sopimus. Tilaamalla tavaroita verkkosivuiltamme suostut noudattamaan n\u00e4it\u00e4 k\u00e4ytt\u00f6ehtoja.<br \/>\nMyyj\u00e4 takaa, ett\u00e4 h\u00e4nen myym\u00e4ns\u00e4 tavarat kuuluvat h\u00e4nelle omistusoikeuden perusteella, niit\u00e4 ei ole pantattu, niit\u00e4 ei ole pid\u00e4tetty ja ne ovat vapaat kolmansien osapuolten oikeuksista.<\/p>\n<p><strong>Tavaroiden hinta<\/strong><\/p>\n<p>Tavaroiden hinnat ovat verkkosivuillamme esitettyjen hintojen mukaiset.<br \/>\nEllei toisin mainita, meid\u00e4n on noudatettava tarjouksissamme annettuja hintoja, jotka ovat sitovia 7 p\u00e4iv\u00e4n ajan tarjouksen antamisp\u00e4iv\u00e4st\u00e4.<br \/>\nMyyj\u00e4ll\u00e4 on oikeus yksipuolisesti muuttaa verkkosivustollamme ilmoitettuja hintoja.<br \/>\nOstaja vastaa rahdin ja pakkauksen kustannuksista, jotka ilmoitetaan erikseen laskussa.<br \/>\nHintamme eiv\u00e4t sis\u00e4ll\u00e4 arvonlis\u00e4veroa.<\/p>\n<p><strong>Ostotilaus, lasku ja maksu<\/strong><\/p>\n<p>Tavaroiden osto perustuu Ostajan tilaukseen.<br \/>\nOstaja maksaa tavaran hinnan Myyj\u00e4n toimittaman laskun perusteella.<br \/>\nTavaroiden toimitus ja luovutus tapahtuu 100 %:n ennakkomaksun ehdoilla.<br \/>\nMaksuehto on m\u00e4\u00e4ritelty laskussa.<br \/>\nPid\u00e4t\u00e4mme oikeuden kielt\u00e4yty\u00e4 tilauksestasi mist\u00e4 tahansa syyst\u00e4.<br \/>\nJos hylk\u00e4\u00e4mme tilauksesi, ilmoitamme siit\u00e4 sinulle s\u00e4hk\u00f6postitse ja palautamme maksusi mahdollisimman pian.<\/p>\n<p><strong>Toimitus<\/strong><\/p>\n<p>Toimitamme tavarat tilauksessa ilmoittamaasi osoitteeseen. Toimitus tapahtuu mahdollisimman pian tilauksen hyv\u00e4ksymisen j\u00e4lkeen ja joka tapauksessa 30 p\u00e4iv\u00e4n kuluessa tilauksesta.<br \/>\nTavaroiden omistusoikeus siirtyy Myyj\u00e4lt\u00e4 Ostajalle, kun tavarat luovutetaan.<br \/>\nOstaja on velvollinen tarkastamaan tavarat ennen niiden vastaanottamista. Jos tavarassa havaitaan puutteita tai jos tavara poikkeaa merkitt\u00e4v\u00e4sti sovituista ehdoista, ostajalla on oikeus kielt\u00e4yty\u00e4 vastaanottamasta tavaraa.<br \/>\nJos tavaran m\u00e4\u00e4r\u00e4ss\u00e4, nimess\u00e4 tai t\u00e4ydellisyydess\u00e4 on eroja, ostajan on l\u00e4hetett\u00e4v\u00e4 kirjallinen reklamaatio myyj\u00e4lle 3 (kolmen) ty\u00f6p\u00e4iv\u00e4n kuluessa tavaran vastaanottop\u00e4iv\u00e4st\u00e4.<\/p>\n<p><strong>Vastuu<\/strong><\/p>\n<p>Emme ole vastuussa tavaroiden katoamisesta tai vahingoittumisesta sen j\u00e4lkeen, kun ne on toimitettu sinulle.<\/p>\n<p><strong>Takuut<\/strong><\/p>\n<p>Kaikilla myymill\u00e4mme tuotteilla on Viron lains\u00e4\u00e4d\u00e4nn\u00f6n mukainen takuu.<\/p>\n<p><strong>Koko sopimus<\/strong><\/p>\n<p>N\u00e4m\u00e4 k\u00e4ytt\u00f6ehdot yhdess\u00e4 verkkosivustollamme olevien hintojen, toimitustietojen, yhteystietojen ja tietosuojak\u00e4yt\u00e4nn\u00f6n kanssa muodostavat koko sopimuksemme.<\/p>\n<p><strong>Valitukset<\/strong><\/p>\n<p>Jos sinulla on valituksia, ota yhteytt\u00e4 osoitteeseen <a href=\"mailto:info@kraabmod.ee\">info@kraabmod.ee<\/a>.<\/p>\n<p><strong>Sovellettava laki<\/strong><\/p>\n<p>T\u00e4h\u00e4n sopimukseen sovelletaan ja sit\u00e4 tulkitaan Viron lains\u00e4\u00e4d\u00e4nn\u00f6n mukaisesti.<\/p>\n<p>Vaikka ostajan kotipaikka olisi ulkomailla, sovelletaan Viron lakia, lukuun ottamatta kansainv\u00e4list\u00e4 kauppalakia.<\/p>\n<p><strong>Ehtojen ja edellytysten muutokset<\/strong><\/p>\n<p>Pid\u00e4t\u00e4mme oikeuden muuttaa n\u00e4it\u00e4 k\u00e4ytt\u00f6ehtoja milloin tahansa. Kaikki muutokset julkaistaan verkkosivuillamme, ja ne tulevat voimaan v\u00e4litt\u00f6m\u00e4sti.<\/p>\n<p><strong>Teollis- ja tekij\u00e4noikeudet<\/strong><\/p>\n<p>Ostajalle ilmoitetaan, ett\u00e4 keksint\u00f6jen patentit, hy\u00f6dyllisyysmallit ja tavaramerkit, joilla tavaroita myyd\u00e4\u00e4n, sek\u00e4 markkinointimateriaalit, valokuvat, videot, kaaviot, piirustukset, tilastotiedot sek\u00e4 verkkosivustot, sosiaalisen median sivut ja niiden sis\u00e4lt\u00e4m\u00e4t tiedot, jotka Myyj\u00e4 on toimittanut suullisesti, kirjallisesti, s\u00e4hk\u00f6isesti tai painetussa muodossa, muodostavat Myyj\u00e4n ja\/tai sen yhteisty\u00f6kumppaneiden henkist\u00e4 omaisuutta.<\/p>\n<p>Ostaja sitoutuu kunnioittamaan Myyj\u00e4n ja sen yhteisty\u00f6kumppaneiden immateriaalioikeuksia.[\/vc_column_text][\/vc_column][\/vc_row]<\/p>\n<\/div>","protected":false},"excerpt":{"rendered":"<p>[vc_row content_width=&#8221;small&#8221; equal_height=&#8221;&#8221; shift_y=&#8221;0&#8243; z_index=&#8221;0&#8243;][vc_column][vc_column_text]Ehdot ja edellytykset Sopimus T\u00e4m\u00e4 sopimus on sinun (Ostaja) ja K-SYSTEMS BALTIC O\u00dc: n (Myyj\u00e4) v\u00e4linen sopimus. Tilaamalla tavaroita verkkosivuiltamme suostut noudattamaan n\u00e4it\u00e4 k\u00e4ytt\u00f6ehtoja. Myyj\u00e4 takaa, ett\u00e4 h\u00e4nen myym\u00e4ns\u00e4 tavarat kuuluvat h\u00e4nelle omistusoikeuden perusteella, niit\u00e4 ei ole pantattu, niit\u00e4 ei ole pid\u00e4tetty ja ne ovat vapaat kolmansien osapuolten oikeuksista. Tavaroiden hinta&#8230;<\/p>\n<p><a rel=\"bookmark\" class=\"theme-button-text wvc-button wvc-button-size-xs\" href=\"https:\/\/kraabmod.ee\/fi\/ehdot-ja-edellytykset\/\"><small class=\"wvc-button-background-fill\"><\/small><span>Continue reading<\/span><\/a><\/p>\n","protected":false},"author":1,"featured_media":8582,"parent":0,"menu_order":0,"comment_status":"closed","ping_status":"closed","template":"","meta":{"footnotes":""},"class_list":{"0":"post-8585","1":"page","2":"type-page","3":"status-publish","4":"has-post-thumbnail","5":"hentry","6":"entry","7":"clearfix","8":"entry-grid","9":"entry-columns-default","10":"entry-page-module-layout-standard","11":"thumbnail-color-tone-dark","12":"metro-landscape","13":"entry-page","15":"entry-page-grid"},"yoast_head":"<!-- This site is optimized with the Yoast SEO plugin v27.2 - https:\/\/yoast.com\/product\/yoast-seo-wordpress\/ -->\n<title>Ehdot ja edellytykset | Kraabmod<\/title>\n<meta name=\"robots\" content=\"index, follow, max-snippet:-1, max-image-preview:large, max-video-preview:-1\" \/>\n<link rel=\"canonical\" href=\"https:\/\/kraabmod.ee\/fi\/ehdot-ja-edellytykset\/\" \/>\n<meta property=\"og:locale\" content=\"fi_FI\" \/>\n<meta property=\"og:type\" content=\"article\" \/>\n<meta property=\"og:title\" content=\"Ehdot ja edellytykset | Kraabmod\" \/>\n<meta property=\"og:description\" content=\"[vc_row content_width=&#8221;small&#8221; equal_height=&#8221;&#8221; shift_y=&#8221;0&#8243; z_index=&#8221;0&#8243;][vc_column][vc_column_text]Ehdot ja edellytykset Sopimus T\u00e4m\u00e4 sopimus on sinun (Ostaja) ja K-SYSTEMS BALTIC O\u00dc: n (Myyj\u00e4) v\u00e4linen sopimus. Tilaamalla tavaroita verkkosivuiltamme suostut noudattamaan n\u00e4it\u00e4 k\u00e4ytt\u00f6ehtoja. Myyj\u00e4 takaa, ett\u00e4 h\u00e4nen myym\u00e4ns\u00e4 tavarat kuuluvat h\u00e4nelle omistusoikeuden perusteella, niit\u00e4 ei ole pantattu, niit\u00e4 ei ole pid\u00e4tetty ja ne ovat vapaat kolmansien osapuolten oikeuksista. Tavaroiden hinta...Continue reading\" \/>\n<meta property=\"og:url\" content=\"https:\/\/kraabmod.ee\/fi\/ehdot-ja-edellytykset\/\" \/>\n<meta property=\"og:site_name\" content=\"Kraabmod\" \/>\n<meta property=\"article:publisher\" content=\"https:\/\/www.facebook.com\/kraabmod\/\" \/>\n<meta property=\"article:modified_time\" content=\"2024-03-30T22:03:43+00:00\" \/>\n<meta property=\"og:image\" content=\"https:\/\/kraabmod.ee\/wp-content\/uploads\/2024\/01\/privacy_banner.webp\" \/>\n\t<meta property=\"og:image:width\" content=\"2000\" \/>\n\t<meta property=\"og:image:height\" content=\"500\" \/>\n\t<meta property=\"og:image:type\" content=\"image\/webp\" \/>\n<meta name=\"twitter:card\" content=\"summary_large_image\" \/>\n<meta name=\"twitter:label1\" content=\"Arvioitu lukuaika\" \/>\n\t<meta name=\"twitter:data1\" content=\"2 minuuttia\" \/>\n<script type=\"application\/ld+json\" class=\"yoast-schema-graph\">{\"@context\":\"https:\/\/schema.org\",\"@graph\":[{\"@type\":\"WebPage\",\"@id\":\"https:\/\/kraabmod.ee\/fi\/ehdot-ja-edellytykset\/\",\"url\":\"https:\/\/kraabmod.ee\/fi\/ehdot-ja-edellytykset\/\",\"name\":\"Ehdot ja edellytykset | Kraabmod\",\"isPartOf\":{\"@id\":\"https:\/\/kraabmod.ee\/fi\/#website\"},\"primaryImageOfPage\":{\"@id\":\"https:\/\/kraabmod.ee\/fi\/ehdot-ja-edellytykset\/#primaryimage\"},\"image\":{\"@id\":\"https:\/\/kraabmod.ee\/fi\/ehdot-ja-edellytykset\/#primaryimage\"},\"thumbnailUrl\":\"https:\/\/kraabmod.ee\/wp-content\/uploads\/2024\/01\/privacy_banner.webp\",\"datePublished\":\"2019-05-01T15:19:31+00:00\",\"dateModified\":\"2024-03-30T22:03:43+00:00\",\"breadcrumb\":{\"@id\":\"https:\/\/kraabmod.ee\/fi\/ehdot-ja-edellytykset\/#breadcrumb\"},\"inLanguage\":\"fi\",\"potentialAction\":[{\"@type\":\"ReadAction\",\"target\":[\"https:\/\/kraabmod.ee\/fi\/ehdot-ja-edellytykset\/\"]}]},{\"@type\":\"ImageObject\",\"inLanguage\":\"fi\",\"@id\":\"https:\/\/kraabmod.ee\/fi\/ehdot-ja-edellytykset\/#primaryimage\",\"url\":\"https:\/\/kraabmod.ee\/wp-content\/uploads\/2024\/01\/privacy_banner.webp\",\"contentUrl\":\"https:\/\/kraabmod.ee\/wp-content\/uploads\/2024\/01\/privacy_banner.webp\",\"width\":2000,\"height\":500},{\"@type\":\"BreadcrumbList\",\"@id\":\"https:\/\/kraabmod.ee\/fi\/ehdot-ja-edellytykset\/#breadcrumb\",\"itemListElement\":[{\"@type\":\"ListItem\",\"position\":1,\"name\":\"Home\",\"item\":\"https:\/\/kraabmod.ee\/fi\/\"},{\"@type\":\"ListItem\",\"position\":2,\"name\":\"Ehdot ja edellytykset\"}]},{\"@type\":\"WebSite\",\"@id\":\"https:\/\/kraabmod.ee\/fi\/#website\",\"url\":\"https:\/\/kraabmod.ee\/fi\/\",\"name\":\"Kraabmod\",\"description\":\"Profile systems for modern interiors.\",\"publisher\":{\"@id\":\"https:\/\/kraabmod.ee\/fi\/#organization\"},\"potentialAction\":[{\"@type\":\"SearchAction\",\"target\":{\"@type\":\"EntryPoint\",\"urlTemplate\":\"https:\/\/kraabmod.ee\/fi\/?s={search_term_string}\"},\"query-input\":{\"@type\":\"PropertyValueSpecification\",\"valueRequired\":true,\"valueName\":\"search_term_string\"}}],\"inLanguage\":\"fi\"},{\"@type\":\"Organization\",\"@id\":\"https:\/\/kraabmod.ee\/fi\/#organization\",\"name\":\"K-SYSTEMS BALTIC O\u00dc\",\"url\":\"https:\/\/kraabmod.ee\/fi\/\",\"logo\":{\"@type\":\"ImageObject\",\"inLanguage\":\"fi\",\"@id\":\"https:\/\/kraabmod.ee\/fi\/#\/schema\/logo\/image\/\",\"url\":\"https:\/\/kraabmod.ee\/wp-content\/uploads\/2024\/03\/logo_kraab.png\",\"contentUrl\":\"https:\/\/kraabmod.ee\/wp-content\/uploads\/2024\/03\/logo_kraab.png\",\"width\":696,\"height\":696,\"caption\":\"K-SYSTEMS BALTIC O\u00dc\"},\"image\":{\"@id\":\"https:\/\/kraabmod.ee\/fi\/#\/schema\/logo\/image\/\"},\"sameAs\":[\"https:\/\/www.facebook.com\/kraabmod\/\",\"https:\/\/www.instagram.com\/kraabmod\/\"]}]}<\/script>\n<!-- \/ Yoast SEO plugin. -->","yoast_head_json":{"title":"Ehdot ja edellytykset | Kraabmod","robots":{"index":"index","follow":"follow","max-snippet":"max-snippet:-1","max-image-preview":"max-image-preview:large","max-video-preview":"max-video-preview:-1"},"canonical":"https:\/\/kraabmod.ee\/fi\/ehdot-ja-edellytykset\/","og_locale":"fi_FI","og_type":"article","og_title":"Ehdot ja edellytykset | Kraabmod","og_description":"[vc_row content_width=&#8221;small&#8221; equal_height=&#8221;&#8221; shift_y=&#8221;0&#8243; z_index=&#8221;0&#8243;][vc_column][vc_column_text]Ehdot ja edellytykset Sopimus T\u00e4m\u00e4 sopimus on sinun (Ostaja) ja K-SYSTEMS BALTIC O\u00dc: n (Myyj\u00e4) v\u00e4linen sopimus. Tilaamalla tavaroita verkkosivuiltamme suostut noudattamaan n\u00e4it\u00e4 k\u00e4ytt\u00f6ehtoja. Myyj\u00e4 takaa, ett\u00e4 h\u00e4nen myym\u00e4ns\u00e4 tavarat kuuluvat h\u00e4nelle omistusoikeuden perusteella, niit\u00e4 ei ole pantattu, niit\u00e4 ei ole pid\u00e4tetty ja ne ovat vapaat kolmansien osapuolten oikeuksista. Tavaroiden hinta...Continue reading","og_url":"https:\/\/kraabmod.ee\/fi\/ehdot-ja-edellytykset\/","og_site_name":"Kraabmod","article_publisher":"https:\/\/www.facebook.com\/kraabmod\/","article_modified_time":"2024-03-30T22:03:43+00:00","og_image":[{"width":2000,"height":500,"url":"https:\/\/kraabmod.ee\/wp-content\/uploads\/2024\/01\/privacy_banner.webp","type":"image\/webp"}],"twitter_card":"summary_large_image","twitter_misc":{"Arvioitu lukuaika":"2 minuuttia"},"schema":{"@context":"https:\/\/schema.org","@graph":[{"@type":"WebPage","@id":"https:\/\/kraabmod.ee\/fi\/ehdot-ja-edellytykset\/","url":"https:\/\/kraabmod.ee\/fi\/ehdot-ja-edellytykset\/","name":"Ehdot ja edellytykset | Kraabmod","isPartOf":{"@id":"https:\/\/kraabmod.ee\/fi\/#website"},"primaryImageOfPage":{"@id":"https:\/\/kraabmod.ee\/fi\/ehdot-ja-edellytykset\/#primaryimage"},"image":{"@id":"https:\/\/kraabmod.ee\/fi\/ehdot-ja-edellytykset\/#primaryimage"},"thumbnailUrl":"https:\/\/kraabmod.ee\/wp-content\/uploads\/2024\/01\/privacy_banner.webp","datePublished":"2019-05-01T15:19:31+00:00","dateModified":"2024-03-30T22:03:43+00:00","breadcrumb":{"@id":"https:\/\/kraabmod.ee\/fi\/ehdot-ja-edellytykset\/#breadcrumb"},"inLanguage":"fi","potentialAction":[{"@type":"ReadAction","target":["https:\/\/kraabmod.ee\/fi\/ehdot-ja-edellytykset\/"]}]},{"@type":"ImageObject","inLanguage":"fi","@id":"https:\/\/kraabmod.ee\/fi\/ehdot-ja-edellytykset\/#primaryimage","url":"https:\/\/kraabmod.ee\/wp-content\/uploads\/2024\/01\/privacy_banner.webp","contentUrl":"https:\/\/kraabmod.ee\/wp-content\/uploads\/2024\/01\/privacy_banner.webp","width":2000,"height":500},{"@type":"BreadcrumbList","@id":"https:\/\/kraabmod.ee\/fi\/ehdot-ja-edellytykset\/#breadcrumb","itemListElement":[{"@type":"ListItem","position":1,"name":"Home","item":"https:\/\/kraabmod.ee\/fi\/"},{"@type":"ListItem","position":2,"name":"Ehdot ja edellytykset"}]},{"@type":"WebSite","@id":"https:\/\/kraabmod.ee\/fi\/#website","url":"https:\/\/kraabmod.ee\/fi\/","name":"Kraabmod","description":"Profile systems for modern interiors.","publisher":{"@id":"https:\/\/kraabmod.ee\/fi\/#organization"},"potentialAction":[{"@type":"SearchAction","target":{"@type":"EntryPoint","urlTemplate":"https:\/\/kraabmod.ee\/fi\/?s={search_term_string}"},"query-input":{"@type":"PropertyValueSpecification","valueRequired":true,"valueName":"search_term_string"}}],"inLanguage":"fi"},{"@type":"Organization","@id":"https:\/\/kraabmod.ee\/fi\/#organization","name":"K-SYSTEMS BALTIC O\u00dc","url":"https:\/\/kraabmod.ee\/fi\/","logo":{"@type":"ImageObject","inLanguage":"fi","@id":"https:\/\/kraabmod.ee\/fi\/#\/schema\/logo\/image\/","url":"https:\/\/kraabmod.ee\/wp-content\/uploads\/2024\/03\/logo_kraab.png","contentUrl":"https:\/\/kraabmod.ee\/wp-content\/uploads\/2024\/03\/logo_kraab.png","width":696,"height":696,"caption":"K-SYSTEMS BALTIC O\u00dc"},"image":{"@id":"https:\/\/kraabmod.ee\/fi\/#\/schema\/logo\/image\/"},"sameAs":["https:\/\/www.facebook.com\/kraabmod\/","https:\/\/www.instagram.com\/kraabmod\/"]}]}},"_links":{"self":[{"href":"https:\/\/kraabmod.ee\/fi\/wp-json\/wp\/v2\/pages\/8585","targetHints":{"allow":["GET"]}}],"collection":[{"href":"https:\/\/kraabmod.ee\/fi\/wp-json\/wp\/v2\/pages"}],"about":[{"href":"https:\/\/kraabmod.ee\/fi\/wp-json\/wp\/v2\/types\/page"}],"author":[{"embeddable":true,"href":"https:\/\/kraabmod.ee\/fi\/wp-json\/wp\/v2\/users\/1"}],"replies":[{"embeddable":true,"href":"https:\/\/kraabmod.ee\/fi\/wp-json\/wp\/v2\/comments?post=8585"}],"version-history":[{"count":2,"href":"https:\/\/kraabmod.ee\/fi\/wp-json\/wp\/v2\/pages\/8585\/revisions"}],"predecessor-version":[{"id":8587,"href":"https:\/\/kraabmod.ee\/fi\/wp-json\/wp\/v2\/pages\/8585\/revisions\/8587"}],"wp:featuredmedia":[{"embeddable":true,"href":"https:\/\/kraabmod.ee\/fi\/wp-json\/wp\/v2\/media\/8582"}],"wp:attachment":[{"href":"https:\/\/kraabmod.ee\/fi\/wp-json\/wp\/v2\/media?parent=8585"}],"curies":[{"name":"wp","href":"https:\/\/api.w.org\/{rel}","templated":true}]}}