{"id":8581,"date":"2024-01-21T12:42:03","date_gmt":"2024-01-21T12:42:03","guid":{"rendered":"https:\/\/kraabmod.ee\/tietosuojakaytanto\/"},"modified":"2024-04-17T10:00:27","modified_gmt":"2024-04-17T10:00:27","slug":"tietosuojakaytanto","status":"publish","type":"page","link":"https:\/\/kraabmod.ee\/fi\/tietosuojakaytanto\/","title":{"rendered":"Tietosuojak\u00e4yt\u00e4nt\u00f6"},"content":{"rendered":"<div class=\"wpb-content-wrapper\"><p>[vc_row content_width=&#8221;small&#8221; equal_height=&#8221;&#8221; shift_y=&#8221;0&#8243; z_index=&#8221;0&#8243;][vc_column][vc_column_text]<strong>Tietosuojak\u00e4yt\u00e4nt\u00f6<\/strong><\/p>\n<p>Arvostamme yksityisyytt\u00e4si. Pyrimme suojelemaan henkil\u00f6tietojasi ja tarjoamaan sinulle avoimuutta siit\u00e4, miten k\u00e4yt\u00e4mme niit\u00e4.<\/p>\n<p><strong>Henkil\u00f6kohtaiset tiedot<\/strong><\/p>\n<p>Ker\u00e4\u00e4mme henkil\u00f6tietoja, jotka annat meille k\u00e4ytt\u00e4ess\u00e4si verkkosivustoamme. N\u00e4it\u00e4 tietoja voivat olla nimi, s\u00e4hk\u00f6postiosoite, puhelinnumero, toimitusosoite ja maksutiedot. Saatamme my\u00f6s ker\u00e4t\u00e4 tietoja verkkosivuston k\u00e4yt\u00f6st\u00e4si, kuten sivuista, joilla vierailet, ja tuotteista, joita katselet.<\/p>\n<p><strong>Miten k\u00e4yt\u00e4mme henkil\u00f6kohtaisia tietojasi<\/strong><\/p>\n<p>K\u00e4yt\u00e4mme henkil\u00f6tietojasi seuraaviin tarkoituksiin:<\/p>\n<ul>\n<li>Tilausten t\u00e4ytt\u00e4minen ja palvelujen tarjoaminen sinulle.<\/li>\n<li>Henkil\u00f6kohtaistamaan kokemuksesi verkkosivustollamme.<\/li>\n<li>l\u00e4hett\u00e4\u00e4 sinulle markkinointimateriaalia, joka saattaa kiinnostaa sinua.<\/li>\n<li>Parantaaksemme verkkosivustoamme ja palveluitamme.<\/li>\n<\/ul>\n<p>&nbsp;<\/p>\n<p><strong>Ev\u00e4steet<\/strong><\/p>\n<p>K\u00e4yt\u00e4mme ev\u00e4steit\u00e4 parantaaksemme k\u00e4ytt\u00f6kokemustasi verkkosivustollamme. Ev\u00e4steet ovat pieni\u00e4 tekstitiedostoja, jotka tallennetaan tietokoneellesi tai mobiililaitteellesi, kun vierailet verkkosivustollamme. Niiden avulla voimme muistaa mieltymyksesi ja asetuksesi ja ker\u00e4t\u00e4 tietoa siit\u00e4, miten k\u00e4yt\u00e4t verkkosivustoamme.<\/p>\n<p><strong>K\u00e4ytt\u00e4miemme ev\u00e4steiden tyypit<\/strong><\/p>\n<p>K\u00e4yt\u00e4mme seuraavanlaisia ev\u00e4steit\u00e4:<\/p>\n<ul>\n<li><strong>Istuntoev\u00e4steet<\/strong>. N\u00e4m\u00e4 ev\u00e4steet tallentuvat vain verkkosivustollamme vierailusi aikana. Niiden avulla voimme seurata toimintojasi verkkosivustolla ja muistaa mieltymyksesi.<\/li>\n<li><strong>Pysyv\u00e4t ev\u00e4steet<\/strong>. N\u00e4m\u00e4 ev\u00e4steet tallennetaan tietokoneellesi tai mobiililaitteellesi pitk\u00e4ksi aikaa. Niiden avulla voimme muistaa mieltymyksesi ja asetuksesi pidemm\u00e4n ajanjakson ajan.<\/li>\n<li><strong>Kolmannen osapuolen ev\u00e4steet<\/strong>. N\u00e4m\u00e4 ev\u00e4steet ovat kolmannen osapuolen verkkosivustojen tai palveluiden asettamia, jotka n\u00e4kyv\u00e4t verkkosivustollamme.<\/li>\n<\/ul>\n<p><strong>Ev\u00e4steiden hallinta<\/strong><\/p>\n<p>Voit hallita ev\u00e4steit\u00e4 selaimesi asetusten avulla. Voit poistaa kaikki laitteeseesi jo tallennetut ev\u00e4steet ja asettaa selaimesi est\u00e4m\u00e4\u00e4n ne tulevaisuudessa. T\u00e4m\u00e4 voi kuitenkin vaikuttaa kokemukseesi verkkosivuston k\u00e4yt\u00f6st\u00e4.<\/p>\n<p><strong>Turvallisuus<\/strong><\/p>\n<p>K\u00e4yt\u00e4mme erilaisia turvatoimia henkil\u00f6tietojesi suojaamiseksi. S\u00e4ilyt\u00e4mme tietojasi suojatuilla palvelimilla ja k\u00e4yt\u00e4mme erilaisia salausmenetelmi\u00e4 suojellaksemme niit\u00e4 luvattomalta k\u00e4yt\u00f6lt\u00e4.<\/p>\n<p><strong>Muutokset tietosuojak\u00e4yt\u00e4nt\u00f6\u00f6mme<\/strong><\/p>\n<p>Saatamme ajoittain p\u00e4ivitt\u00e4\u00e4 tietosuojak\u00e4yt\u00e4nt\u00f6\u00e4mme. Jos teemme olennaisia muutoksia, ilmoitamme niist\u00e4 sinulle s\u00e4hk\u00f6postitse tai muulla tavoin, jotta voit tarkistaa muutokset ennen niiden voimaantuloa.<\/p>\n<p><strong>Yhteystiedot<\/strong><\/p>\n<p>Jos sinulla on kysytt\u00e4v\u00e4\u00e4 tietosuojak\u00e4yt\u00e4nn\u00f6st\u00e4mme, voit ottaa meihin yhteytt\u00e4 osoitteeseen:<\/p>\n<p><a href=\"mailto:info@kraabmod.ee\">info@kraabmod.ee<\/a><\/p>\n<p><a href=\"https:\/\/kraabmod.ee\/\">https:\/\/kraabmod.ee\/<\/a>[\/vc_column_text][\/vc_column][\/vc_row]<\/p>\n<\/div>","protected":false},"excerpt":{"rendered":"<p>[vc_row content_width=&#8221;small&#8221; equal_height=&#8221;&#8221; shift_y=&#8221;0&#8243; z_index=&#8221;0&#8243;][vc_column][vc_column_text]Tietosuojak\u00e4yt\u00e4nt\u00f6 Arvostamme yksityisyytt\u00e4si. Pyrimme suojelemaan henkil\u00f6tietojasi ja tarjoamaan sinulle avoimuutta siit\u00e4, miten k\u00e4yt\u00e4mme niit\u00e4. Henkil\u00f6kohtaiset tiedot Ker\u00e4\u00e4mme henkil\u00f6tietoja, jotka annat meille k\u00e4ytt\u00e4ess\u00e4si verkkosivustoamme. N\u00e4it\u00e4 tietoja voivat olla nimi, s\u00e4hk\u00f6postiosoite, puhelinnumero, toimitusosoite ja maksutiedot. Saatamme my\u00f6s ker\u00e4t\u00e4 tietoja verkkosivuston k\u00e4yt\u00f6st\u00e4si, kuten sivuista, joilla vierailet, ja tuotteista, joita katselet. Miten k\u00e4yt\u00e4mme henkil\u00f6kohtaisia tietojasi&#8230;<\/p>\n<p><a rel=\"bookmark\" class=\"theme-button-text wvc-button wvc-button-size-xs\" href=\"https:\/\/kraabmod.ee\/fi\/tietosuojakaytanto\/\"><small class=\"wvc-button-background-fill\"><\/small><span>Continue reading<\/span><\/a><\/p>\n","protected":false},"author":1,"featured_media":8582,"parent":0,"menu_order":0,"comment_status":"closed","ping_status":"open","template":"","meta":{"footnotes":""},"class_list":{"0":"post-8581","1":"page","2":"type-page","3":"status-publish","4":"has-post-thumbnail","5":"hentry","6":"entry","7":"clearfix","8":"entry-grid","9":"entry-columns-default","10":"entry-page-module-layout-standard","11":"thumbnail-color-tone-dark","12":"metro-landscape","13":"entry-page","15":"entry-page-grid"},"yoast_head":"<!-- This site is optimized with the Yoast SEO plugin v27.4 - https:\/\/yoast.com\/product\/yoast-seo-wordpress\/ -->\n<title>Tietosuojak\u00e4yt\u00e4nt\u00f6 | Kraabmod<\/title>\n<meta name=\"robots\" content=\"index, follow, max-snippet:-1, max-image-preview:large, max-video-preview:-1\" \/>\n<link rel=\"canonical\" href=\"https:\/\/kraabmod.ee\/fi\/tietosuojakaytanto\/\" \/>\n<meta property=\"og:locale\" content=\"fi_FI\" \/>\n<meta property=\"og:type\" content=\"article\" \/>\n<meta property=\"og:title\" content=\"Tietosuojak\u00e4yt\u00e4nt\u00f6 | Kraabmod\" \/>\n<meta property=\"og:description\" content=\"[vc_row content_width=&#8221;small&#8221; equal_height=&#8221;&#8221; shift_y=&#8221;0&#8243; z_index=&#8221;0&#8243;][vc_column][vc_column_text]Tietosuojak\u00e4yt\u00e4nt\u00f6 Arvostamme yksityisyytt\u00e4si. Pyrimme suojelemaan henkil\u00f6tietojasi ja tarjoamaan sinulle avoimuutta siit\u00e4, miten k\u00e4yt\u00e4mme niit\u00e4. Henkil\u00f6kohtaiset tiedot Ker\u00e4\u00e4mme henkil\u00f6tietoja, jotka annat meille k\u00e4ytt\u00e4ess\u00e4si verkkosivustoamme. N\u00e4it\u00e4 tietoja voivat olla nimi, s\u00e4hk\u00f6postiosoite, puhelinnumero, toimitusosoite ja maksutiedot. Saatamme my\u00f6s ker\u00e4t\u00e4 tietoja verkkosivuston k\u00e4yt\u00f6st\u00e4si, kuten sivuista, joilla vierailet, ja tuotteista, joita katselet. Miten k\u00e4yt\u00e4mme henkil\u00f6kohtaisia tietojasi...Continue reading\" \/>\n<meta property=\"og:url\" content=\"https:\/\/kraabmod.ee\/fi\/tietosuojakaytanto\/\" \/>\n<meta property=\"og:site_name\" content=\"Kraabmod\" \/>\n<meta property=\"article:publisher\" content=\"https:\/\/www.facebook.com\/kraabmod\/\" \/>\n<meta property=\"article:modified_time\" content=\"2024-04-17T10:00:27+00:00\" \/>\n<meta property=\"og:image\" content=\"https:\/\/kraabmod.ee\/wp-content\/uploads\/2024\/01\/privacy_banner.webp\" \/>\n\t<meta property=\"og:image:width\" content=\"2000\" \/>\n\t<meta property=\"og:image:height\" content=\"500\" \/>\n\t<meta property=\"og:image:type\" content=\"image\/webp\" \/>\n<meta name=\"twitter:card\" content=\"summary_large_image\" \/>\n<meta name=\"twitter:label1\" content=\"Arvioitu lukuaika\" \/>\n\t<meta name=\"twitter:data1\" content=\"2 minuuttia\" \/>\n<script type=\"application\/ld+json\" class=\"yoast-schema-graph\">{\"@context\":\"https:\\\/\\\/schema.org\",\"@graph\":[{\"@type\":\"WebPage\",\"@id\":\"https:\\\/\\\/kraabmod.ee\\\/fi\\\/tietosuojakaytanto\\\/\",\"url\":\"https:\\\/\\\/kraabmod.ee\\\/fi\\\/tietosuojakaytanto\\\/\",\"name\":\"Tietosuojak\u00e4yt\u00e4nt\u00f6 | Kraabmod\",\"isPartOf\":{\"@id\":\"https:\\\/\\\/kraabmod.ee\\\/fi\\\/#website\"},\"primaryImageOfPage\":{\"@id\":\"https:\\\/\\\/kraabmod.ee\\\/fi\\\/tietosuojakaytanto\\\/#primaryimage\"},\"image\":{\"@id\":\"https:\\\/\\\/kraabmod.ee\\\/fi\\\/tietosuojakaytanto\\\/#primaryimage\"},\"thumbnailUrl\":\"https:\\\/\\\/kraabmod.ee\\\/wp-content\\\/uploads\\\/2024\\\/01\\\/privacy_banner.webp\",\"datePublished\":\"2024-01-21T12:42:03+00:00\",\"dateModified\":\"2024-04-17T10:00:27+00:00\",\"breadcrumb\":{\"@id\":\"https:\\\/\\\/kraabmod.ee\\\/fi\\\/tietosuojakaytanto\\\/#breadcrumb\"},\"inLanguage\":\"fi\",\"potentialAction\":[{\"@type\":\"ReadAction\",\"target\":[\"https:\\\/\\\/kraabmod.ee\\\/fi\\\/tietosuojakaytanto\\\/\"]}]},{\"@type\":\"ImageObject\",\"inLanguage\":\"fi\",\"@id\":\"https:\\\/\\\/kraabmod.ee\\\/fi\\\/tietosuojakaytanto\\\/#primaryimage\",\"url\":\"https:\\\/\\\/kraabmod.ee\\\/wp-content\\\/uploads\\\/2024\\\/01\\\/privacy_banner.webp\",\"contentUrl\":\"https:\\\/\\\/kraabmod.ee\\\/wp-content\\\/uploads\\\/2024\\\/01\\\/privacy_banner.webp\",\"width\":2000,\"height\":500},{\"@type\":\"BreadcrumbList\",\"@id\":\"https:\\\/\\\/kraabmod.ee\\\/fi\\\/tietosuojakaytanto\\\/#breadcrumb\",\"itemListElement\":[{\"@type\":\"ListItem\",\"position\":1,\"name\":\"Home\",\"item\":\"https:\\\/\\\/kraabmod.ee\\\/fi\\\/\"},{\"@type\":\"ListItem\",\"position\":2,\"name\":\"Tietosuojak\u00e4yt\u00e4nt\u00f6\"}]},{\"@type\":\"WebSite\",\"@id\":\"https:\\\/\\\/kraabmod.ee\\\/fi\\\/#website\",\"url\":\"https:\\\/\\\/kraabmod.ee\\\/fi\\\/\",\"name\":\"Kraabmod\",\"description\":\"Profile systems for modern interiors.\",\"publisher\":{\"@id\":\"https:\\\/\\\/kraabmod.ee\\\/fi\\\/#organization\"},\"potentialAction\":[{\"@type\":\"SearchAction\",\"target\":{\"@type\":\"EntryPoint\",\"urlTemplate\":\"https:\\\/\\\/kraabmod.ee\\\/fi\\\/?s={search_term_string}\"},\"query-input\":{\"@type\":\"PropertyValueSpecification\",\"valueRequired\":true,\"valueName\":\"search_term_string\"}}],\"inLanguage\":\"fi\"},{\"@type\":\"Organization\",\"@id\":\"https:\\\/\\\/kraabmod.ee\\\/fi\\\/#organization\",\"name\":\"K-SYSTEMS BALTIC O\u00dc\",\"url\":\"https:\\\/\\\/kraabmod.ee\\\/fi\\\/\",\"logo\":{\"@type\":\"ImageObject\",\"inLanguage\":\"fi\",\"@id\":\"https:\\\/\\\/kraabmod.ee\\\/fi\\\/#\\\/schema\\\/logo\\\/image\\\/\",\"url\":\"https:\\\/\\\/kraabmod.ee\\\/wp-content\\\/uploads\\\/2024\\\/03\\\/logo_kraab.png\",\"contentUrl\":\"https:\\\/\\\/kraabmod.ee\\\/wp-content\\\/uploads\\\/2024\\\/03\\\/logo_kraab.png\",\"width\":696,\"height\":696,\"caption\":\"K-SYSTEMS BALTIC O\u00dc\"},\"image\":{\"@id\":\"https:\\\/\\\/kraabmod.ee\\\/fi\\\/#\\\/schema\\\/logo\\\/image\\\/\"},\"sameAs\":[\"https:\\\/\\\/www.facebook.com\\\/kraabmod\\\/\",\"https:\\\/\\\/www.instagram.com\\\/kraabmod\\\/\"]}]}<\/script>\n<!-- \/ Yoast SEO plugin. -->","yoast_head_json":{"title":"Tietosuojak\u00e4yt\u00e4nt\u00f6 | Kraabmod","robots":{"index":"index","follow":"follow","max-snippet":"max-snippet:-1","max-image-preview":"max-image-preview:large","max-video-preview":"max-video-preview:-1"},"canonical":"https:\/\/kraabmod.ee\/fi\/tietosuojakaytanto\/","og_locale":"fi_FI","og_type":"article","og_title":"Tietosuojak\u00e4yt\u00e4nt\u00f6 | Kraabmod","og_description":"[vc_row content_width=&#8221;small&#8221; equal_height=&#8221;&#8221; shift_y=&#8221;0&#8243; z_index=&#8221;0&#8243;][vc_column][vc_column_text]Tietosuojak\u00e4yt\u00e4nt\u00f6 Arvostamme yksityisyytt\u00e4si. Pyrimme suojelemaan henkil\u00f6tietojasi ja tarjoamaan sinulle avoimuutta siit\u00e4, miten k\u00e4yt\u00e4mme niit\u00e4. Henkil\u00f6kohtaiset tiedot Ker\u00e4\u00e4mme henkil\u00f6tietoja, jotka annat meille k\u00e4ytt\u00e4ess\u00e4si verkkosivustoamme. N\u00e4it\u00e4 tietoja voivat olla nimi, s\u00e4hk\u00f6postiosoite, puhelinnumero, toimitusosoite ja maksutiedot. Saatamme my\u00f6s ker\u00e4t\u00e4 tietoja verkkosivuston k\u00e4yt\u00f6st\u00e4si, kuten sivuista, joilla vierailet, ja tuotteista, joita katselet. Miten k\u00e4yt\u00e4mme henkil\u00f6kohtaisia tietojasi...Continue reading","og_url":"https:\/\/kraabmod.ee\/fi\/tietosuojakaytanto\/","og_site_name":"Kraabmod","article_publisher":"https:\/\/www.facebook.com\/kraabmod\/","article_modified_time":"2024-04-17T10:00:27+00:00","og_image":[{"width":2000,"height":500,"url":"https:\/\/kraabmod.ee\/wp-content\/uploads\/2024\/01\/privacy_banner.webp","type":"image\/webp"}],"twitter_card":"summary_large_image","twitter_misc":{"Arvioitu lukuaika":"2 minuuttia"},"schema":{"@context":"https:\/\/schema.org","@graph":[{"@type":"WebPage","@id":"https:\/\/kraabmod.ee\/fi\/tietosuojakaytanto\/","url":"https:\/\/kraabmod.ee\/fi\/tietosuojakaytanto\/","name":"Tietosuojak\u00e4yt\u00e4nt\u00f6 | Kraabmod","isPartOf":{"@id":"https:\/\/kraabmod.ee\/fi\/#website"},"primaryImageOfPage":{"@id":"https:\/\/kraabmod.ee\/fi\/tietosuojakaytanto\/#primaryimage"},"image":{"@id":"https:\/\/kraabmod.ee\/fi\/tietosuojakaytanto\/#primaryimage"},"thumbnailUrl":"https:\/\/kraabmod.ee\/wp-content\/uploads\/2024\/01\/privacy_banner.webp","datePublished":"2024-01-21T12:42:03+00:00","dateModified":"2024-04-17T10:00:27+00:00","breadcrumb":{"@id":"https:\/\/kraabmod.ee\/fi\/tietosuojakaytanto\/#breadcrumb"},"inLanguage":"fi","potentialAction":[{"@type":"ReadAction","target":["https:\/\/kraabmod.ee\/fi\/tietosuojakaytanto\/"]}]},{"@type":"ImageObject","inLanguage":"fi","@id":"https:\/\/kraabmod.ee\/fi\/tietosuojakaytanto\/#primaryimage","url":"https:\/\/kraabmod.ee\/wp-content\/uploads\/2024\/01\/privacy_banner.webp","contentUrl":"https:\/\/kraabmod.ee\/wp-content\/uploads\/2024\/01\/privacy_banner.webp","width":2000,"height":500},{"@type":"BreadcrumbList","@id":"https:\/\/kraabmod.ee\/fi\/tietosuojakaytanto\/#breadcrumb","itemListElement":[{"@type":"ListItem","position":1,"name":"Home","item":"https:\/\/kraabmod.ee\/fi\/"},{"@type":"ListItem","position":2,"name":"Tietosuojak\u00e4yt\u00e4nt\u00f6"}]},{"@type":"WebSite","@id":"https:\/\/kraabmod.ee\/fi\/#website","url":"https:\/\/kraabmod.ee\/fi\/","name":"Kraabmod","description":"Profile systems for modern interiors.","publisher":{"@id":"https:\/\/kraabmod.ee\/fi\/#organization"},"potentialAction":[{"@type":"SearchAction","target":{"@type":"EntryPoint","urlTemplate":"https:\/\/kraabmod.ee\/fi\/?s={search_term_string}"},"query-input":{"@type":"PropertyValueSpecification","valueRequired":true,"valueName":"search_term_string"}}],"inLanguage":"fi"},{"@type":"Organization","@id":"https:\/\/kraabmod.ee\/fi\/#organization","name":"K-SYSTEMS BALTIC O\u00dc","url":"https:\/\/kraabmod.ee\/fi\/","logo":{"@type":"ImageObject","inLanguage":"fi","@id":"https:\/\/kraabmod.ee\/fi\/#\/schema\/logo\/image\/","url":"https:\/\/kraabmod.ee\/wp-content\/uploads\/2024\/03\/logo_kraab.png","contentUrl":"https:\/\/kraabmod.ee\/wp-content\/uploads\/2024\/03\/logo_kraab.png","width":696,"height":696,"caption":"K-SYSTEMS BALTIC O\u00dc"},"image":{"@id":"https:\/\/kraabmod.ee\/fi\/#\/schema\/logo\/image\/"},"sameAs":["https:\/\/www.facebook.com\/kraabmod\/","https:\/\/www.instagram.com\/kraabmod\/"]}]}},"_links":{"self":[{"href":"https:\/\/kraabmod.ee\/fi\/wp-json\/wp\/v2\/pages\/8581","targetHints":{"allow":["GET"]}}],"collection":[{"href":"https:\/\/kraabmod.ee\/fi\/wp-json\/wp\/v2\/pages"}],"about":[{"href":"https:\/\/kraabmod.ee\/fi\/wp-json\/wp\/v2\/types\/page"}],"author":[{"embeddable":true,"href":"https:\/\/kraabmod.ee\/fi\/wp-json\/wp\/v2\/users\/1"}],"replies":[{"embeddable":true,"href":"https:\/\/kraabmod.ee\/fi\/wp-json\/wp\/v2\/comments?post=8581"}],"version-history":[{"count":4,"href":"https:\/\/kraabmod.ee\/fi\/wp-json\/wp\/v2\/pages\/8581\/revisions"}],"predecessor-version":[{"id":9097,"href":"https:\/\/kraabmod.ee\/fi\/wp-json\/wp\/v2\/pages\/8581\/revisions\/9097"}],"wp:featuredmedia":[{"embeddable":true,"href":"https:\/\/kraabmod.ee\/fi\/wp-json\/wp\/v2\/media\/8582"}],"wp:attachment":[{"href":"https:\/\/kraabmod.ee\/fi\/wp-json\/wp\/v2\/media?parent=8581"}],"curies":[{"name":"wp","href":"https:\/\/api.w.org\/{rel}","templated":true}]}}