{"id":8537,"date":"2019-09-11T08:53:20","date_gmt":"2019-09-11T08:53:20","guid":{"rendered":"https:\/\/kraabmod.ee\/etusivu\/"},"modified":"2024-04-21T09:06:40","modified_gmt":"2024-04-21T09:06:40","slug":"etusivu","status":"publish","type":"page","link":"https:\/\/kraabmod.ee\/fi\/","title":{"rendered":"Etusivu"},"content":{"rendered":"<div class=\"wpb-content-wrapper\"><p>[vc_row content_width=&#8221;full&#8221; equal_height=&#8221;&#8221; font_color=&#8221;light&#8221; background_type=&#8221;slideshow&#8221; slideshow_speed=&#8221;4000&#8243; shift_y=&#8221;0&#8243; z_index=&#8221;0&#8243; slideshow_img_ids=&#8221;7018&#8243;][vc_column][wvc_admin_helper_text comment=&#8221;the image slideshow is set in the row background settings (style tab)&#8221;]\n\t\t\t<!-- START Design Studio Suomi REVOLUTION SLIDER 6.6.20 --><p class=\"rs-p-wp-fix\"><\/p>\n\t\t\t<rs-module-wrap id=\"rev_slider_5_1_wrapper\" data-source=\"gallery\" style=\"visibility:hidden;background:transparent;padding:0;\">\n\t\t\t\t<rs-module id=\"rev_slider_5_1\" style=\"\" data-version=\"6.6.20\">\n\t\t\t\t\t<rs-slides style=\"overflow: hidden; position: absolute;\">\n\t\t\t\t\t\t<rs-slide style=\"position: absolute;\" data-key=\"rs-5\" data-title=\"Slide\" data-in=\"o:0;\" data-out=\"a:false;\">\n\t\t\t\t\t\t\t<img decoding=\"async\" src=\"\/\/kraabmod.ee\/wp-content\/plugins\/revslider\/public\/assets\/assets\/dummy.png\" alt=\"kraabmod\" title=\"kraabmod\" width=\"1920\" height=\"1280\" class=\"rev-slidebg tp-rs-img rs-lazyload\" data-lazyload=\"\/\/kraabmod.ee\/wp-content\/uploads\/2024\/04\/main_banner-2.webp\" data-no-retina>\n<!--\n\t\t\t\t\t\t\t--><rs-group\n\t\t\t\t\t\t\t\tid=\"slider-5-slide-5-layer-1\" \n\t\t\t\t\t\t\t\tdata-type=\"group\"\n\t\t\t\t\t\t\t\tdata-rsp_ch=\"on\"\n\t\t\t\t\t\t\t\tdata-xy=\"xo:137px,137px,75px,50px;y:m;yo:-107px,-107px,-59px,-140px;\"\n\t\t\t\t\t\t\t\tdata-text=\"w:normal;s:20,20,10,6;l:0,0,13,8;\"\n\t\t\t\t\t\t\t\tdata-dim=\"w:300,300,380,377;h:180,180,227,139px;\"\n\t\t\t\t\t\t\t\tdata-frame_0=\"x:0,0,0px,0px;y:0,0,0px,0px;o:1;\"\n\t\t\t\t\t\t\t\tdata-frame_1=\"x:0,0,0px,0px;y:0,0,0px,0px;\"\n\t\t\t\t\t\t\t\tdata-frame_999=\"o:0;st:w;sR:8700;sA:9000;\"\n\t\t\t\t\t\t\t\tstyle=\"z-index:11;\"\n\t\t\t\t\t\t\t><!--\n\t\t\t\t\t\t\t\t--><a\n\t\t\t\t\t\t\t\t\tid=\"slider-5-slide-5-layer-6\" \n\t\t\t\t\t\t\t\t\tclass=\"rs-layer\"\n\t\t\t\t\t\t\t\t\thref=\"https:\/\/kraabmod.ee\/fi\/slim-27\/\" target=\"_self\" rel=\"nofollow\"\n\t\t\t\t\t\t\t\t\tdata-type=\"text\"\n\t\t\t\t\t\t\t\t\tdata-color=\"#3c3c3c\"\n\t\t\t\t\t\t\t\t\tdata-rsp_ch=\"on\"\n\t\t\t\t\t\t\t\t\tdata-xy=\"y:b,b,m,b;\"\n\t\t\t\t\t\t\t\t\tdata-pos=\"a\"\n\t\t\t\t\t\t\t\t\tdata-text=\"w:normal;s:20,20,24,20;l:25,25,30,29;fw:600;a:center;\"\n\t\t\t\t\t\t\t\t\tdata-frame_0=\"x:0,0,0px,0px;y:100%;\"\n\t\t\t\t\t\t\t\t\tdata-frame_0_mask=\"u:t;x:0,0,0px,0px;y:0,0,0px,0px;\"\n\t\t\t\t\t\t\t\t\tdata-frame_1=\"x:0,0,0px,0px;y:0,0,0px,0px;st:120;sp:1200;sR:120;\"\n\t\t\t\t\t\t\t\t\tdata-frame_1_mask=\"u:t;x:0,0,0px,0px;y:0,0,0px,0px;\"\n\t\t\t\t\t\t\t\t\tdata-frame_999=\"o:0;st:w;sR:7680;\"\n\t\t\t\t\t\t\t\t\tdata-frame_hover=\"o:0.6;c:#fff;\"\n\t\t\t\t\t\t\t\t\tstyle=\"z-index:10;font-family:'Montserrat';\"\n\t\t\t\t\t\t\t\t>SLIM 27 \n\t\t\t\t\t\t\t\t<\/a><!--\n\n\t\t\t\t\t\t\t\t--><a\n\t\t\t\t\t\t\t\t\tid=\"slider-5-slide-5-layer-5\" \n\t\t\t\t\t\t\t\t\tclass=\"rs-layer\"\n\t\t\t\t\t\t\t\t\thref=\"https:\/\/kraabmod.ee\/fi\/umbra\/\" target=\"_self\" rel=\"nofollow\"\n\t\t\t\t\t\t\t\t\tdata-type=\"text\"\n\t\t\t\t\t\t\t\t\tdata-color=\"#3c3c3c\"\n\t\t\t\t\t\t\t\t\tdata-rsp_ch=\"on\"\n\t\t\t\t\t\t\t\t\tdata-xy=\"y:m,m,b,m;\"\n\t\t\t\t\t\t\t\t\tdata-pos=\"a\"\n\t\t\t\t\t\t\t\t\tdata-text=\"w:normal;s:20,20,24,20;l:25,25,30,29;fw:600;a:center;\"\n\t\t\t\t\t\t\t\t\tdata-frame_0=\"x:0,0,0px,0px;y:100%;\"\n\t\t\t\t\t\t\t\t\tdata-frame_0_mask=\"u:t;x:0,0,0px,0px;y:0,0,0px,0px;\"\n\t\t\t\t\t\t\t\t\tdata-frame_1=\"x:0,0,0px,0px;y:0,0,0px,0px;st:270;sp:1200;sR:270;\"\n\t\t\t\t\t\t\t\t\tdata-frame_1_mask=\"u:t;x:0,0,0px,0px;y:0,0,0px,0px;\"\n\t\t\t\t\t\t\t\t\tdata-frame_999=\"o:0;st:w;sR:7530;\"\n\t\t\t\t\t\t\t\t\tdata-frame_hover=\"o:0.6;c:#fff;\"\n\t\t\t\t\t\t\t\t\tstyle=\"z-index:9;font-family:'Montserrat';\"\n\t\t\t\t\t\t\t\t>UMBRA<br \/>\n \n\t\t\t\t\t\t\t\t<\/a><!--\n\n\t\t\t\t\t\t\t\t--><a\n\t\t\t\t\t\t\t\t\tid=\"slider-5-slide-5-layer-4\" \n\t\t\t\t\t\t\t\t\tclass=\"rs-layer\"\n\t\t\t\t\t\t\t\t\thref=\"https:\/\/kraabmod.ee\/fi\/gipps\/\" target=\"_self\" rel=\"nofollow\"\n\t\t\t\t\t\t\t\t\tdata-type=\"text\"\n\t\t\t\t\t\t\t\t\tdata-color=\"#3c3c3c\"\n\t\t\t\t\t\t\t\t\tdata-rsp_ch=\"on\"\n\t\t\t\t\t\t\t\t\tdata-xy=\"\"\n\t\t\t\t\t\t\t\t\tdata-pos=\"a\"\n\t\t\t\t\t\t\t\t\tdata-text=\"w:normal;s:20,20,24,20;l:25,25,30,29;fw:600;a:center;\"\n\t\t\t\t\t\t\t\t\tdata-dim=\"h:46px,46px,auto,auto;\"\n\t\t\t\t\t\t\t\t\tdata-frame_0=\"x:0,0,0px,0px;y:100%;\"\n\t\t\t\t\t\t\t\t\tdata-frame_0_mask=\"u:t;x:0,0,0px,0px;y:0,0,0px,0px;\"\n\t\t\t\t\t\t\t\t\tdata-frame_1=\"x:0,0,0px,0px;y:0,0,0px,0px;st:610;sp:1200;sR:610;\"\n\t\t\t\t\t\t\t\t\tdata-frame_1_mask=\"u:t;x:0,0,0px,0px;y:0,0,0px,0px;\"\n\t\t\t\t\t\t\t\t\tdata-frame_999=\"o:0;st:w;sR:7190;\"\n\t\t\t\t\t\t\t\t\tdata-frame_hover=\"o:0.6;c:#fff;\"\n\t\t\t\t\t\t\t\t\tstyle=\"z-index:8;font-family:'Montserrat';\"\n\t\t\t\t\t\t\t\t>GIPPS \n\t\t\t\t\t\t\t\t<\/a><!--\n\t\t\t\t\t\t\t--><\/rs-group><!--\n\n\t\t\t\t\t\t\t--><rs-layer\n\t\t\t\t\t\t\t\tid=\"slider-5-slide-5-layer-7\" \n\t\t\t\t\t\t\t\tdata-type=\"text\"\n\t\t\t\t\t\t\t\tdata-color=\"#3c3c3c\"\n\t\t\t\t\t\t\t\tdata-rsp_ch=\"on\"\n\t\t\t\t\t\t\t\tdata-xy=\"xo:115px,115px,73px,48px;y:b;yo:341px,341px,234px,261px;\"\n\t\t\t\t\t\t\t\tdata-text=\"w:normal;s:72,72,64,40;l:90,90,80,60;fw:700;a:center,center,left,left;\"\n\t\t\t\t\t\t\t\tdata-dim=\"w:1213px,1213px,auto,457px;\"\n\t\t\t\t\t\t\t\tdata-frame_0=\"x:0,0,0px,0px;y:100%;\"\n\t\t\t\t\t\t\t\tdata-frame_0_mask=\"u:t;x:0,0,0px,0px;y:0,0,0px,0px;\"\n\t\t\t\t\t\t\t\tdata-frame_1=\"x:0,0,0px,0px;y:0,0,0px,0px;st:990;sp:1200;sR:990;\"\n\t\t\t\t\t\t\t\tdata-frame_1_mask=\"u:t;x:0,0,0px,0px;y:0,0,0px,0px;\"\n\t\t\t\t\t\t\t\tdata-frame_999=\"o:0;st:w;sR:6810;\"\n\t\t\t\t\t\t\t\tstyle=\"z-index:12;font-family:'Montserrat';\"\n\t\t\t\t\t\t\t>Innovatiiviset Sisustusratkaisut \n\t\t\t\t\t\t\t<\/rs-layer><!--\n\n\t\t\t\t\t\t\t--><rs-layer\n\t\t\t\t\t\t\t\tid=\"slider-5-slide-5-layer-8\" \n\t\t\t\t\t\t\t\tdata-type=\"text\"\n\t\t\t\t\t\t\t\tdata-color=\"#3c3c3c\"\n\t\t\t\t\t\t\t\tdata-rsp_ch=\"on\"\n\t\t\t\t\t\t\t\tdata-xy=\"xo:119px,119px,76px,40px;y:b;yo:259px,259px,172px,172px;\"\n\t\t\t\t\t\t\t\tdata-text=\"w:normal;s:20,20,15,16;l:25,25,20,15;a:center,center,center,left;\"\n\t\t\t\t\t\t\t\tdata-dim=\"w:638px,638px,auto,338px;h:auto,auto,auto,49px;\"\n\t\t\t\t\t\t\t\tdata-padding=\"t:10,10,0,10;r:0,0,0,10;b:10,10,0,10;l:0,0,0,10;\"\n\t\t\t\t\t\t\t\tdata-frame_0=\"x:-100%;y:0,0,0px,0px;\"\n\t\t\t\t\t\t\t\tdata-frame_0_mask=\"u:t;x:0,0,0px,0px;y:0,0,0px,0px;\"\n\t\t\t\t\t\t\t\tdata-frame_1=\"x:0,0,0px,0px;y:0,0,0px,0px;st:2400;sp:1000;sR:2400;\"\n\t\t\t\t\t\t\t\tdata-frame_1_mask=\"u:t;x:0,0,0px,0px;y:0,0,0px,0px;\"\n\t\t\t\t\t\t\t\tdata-frame_999=\"o:0;st:w;sR:5600;\"\n\t\t\t\t\t\t\t\tstyle=\"z-index:13;font-family:'Montserrat';\"\n\t\t\t\t\t\t\t>Sis\u00e4tilojen alumiiniprofiilij\u00e4rjestelmien kehitt\u00e4j\u00e4 ja valmistaja \n\t\t\t\t\t\t\t<\/rs-layer><!--\n-->\t\t\t\t\t\t<\/rs-slide>\n\t\t\t\t\t<\/rs-slides>\n\t\t\t\t<\/rs-module>\n\t\t\t\t<script>\n\t\t\t\t\tsetREVStartSize({c: 'rev_slider_5_1',rl:[1240,1240,778,480],el:[900,900,960,720],gw:[1400,1400,778,480],gh:[900,900,960,720],type:'hero',justify:'',layout:'fullscreen',offsetContainer:'',offset:'',mh:\"0\"});if (window.RS_MODULES!==undefined && window.RS_MODULES.modules!==undefined && window.RS_MODULES.modules[\"revslider51\"]!==undefined) {window.RS_MODULES.modules[\"revslider51\"].once = false;window.revapi5 = undefined;if (window.RS_MODULES.checkMinimal!==undefined) window.RS_MODULES.checkMinimal()}\n\t\t\t\t<\/script>\n\t\t\t<\/rs-module-wrap>\n\t\t\t<!-- END REVOLUTION SLIDER -->\n[\/vc_column][\/vc_row][vc_row equal_height=&#8221;&#8221; shift_y=&#8221;0&#8243; z_index=&#8221;0&#8243; css=&#8221;.vc_custom_1569497289461{padding-top: 120px !important;}&#8221;][vc_column width=&#8221;1\/3&#8243;][wvc_banner image=&#8221;6876&#8243; btn_title=&#8221;N\u00c4YT\u00c4 TUOTTEET&#8221; btn_button_type=&#8221;theme-button-text&#8221; btn_font_weight=&#8221;700&#8243; add_button=&#8221;true&#8221; title=&#8221;VARJOJALUSTA&#8221; link=&#8221;url:https%3A%2F%2Fkraabmod.ee%2Ffi%2Fgipps%2F&#8221; tagline=&#8221;GIPPS PROFIILI&#8221;][\/vc_column][vc_column width=&#8221;1\/3&#8243;][wvc_banner image=&#8221;6877&#8243; btn_title=&#8221;N\u00c4YT\u00c4 TUOTTEET&#8221; btn_button_type=&#8221;theme-button-text&#8221; btn_font_weight=&#8221;700&#8243; add_button=&#8221;true&#8221; title=&#8221;UMBRA&#8221; link=&#8221;url:https%3A%2F%2Fkraabmod.ee%2Ffi%2Fumbra%2F&#8221; tagline=&#8221;PROFIILIJ\u00c4RJESTELM\u00c4N RAKENTAJA KIPSILEVYKATTOJA VARTEN&#8221;][\/vc_column][vc_column width=&#8221;1\/3&#8243;][wvc_banner image=&#8221;6878&#8243; btn_title=&#8221;N\u00c4YT\u00c4 TUOTTEET&#8221; btn_button_type=&#8221;theme-button-text&#8221; btn_font_weight=&#8221;700&#8243; add_button=&#8221;true&#8221; title=&#8221;VARJON PROFIILI&#8221; link=&#8221;url:https%3A%2F%2Fkraabmod.ee%2Ffi%2Fslim-27%2F&#8221; tagline=&#8221;PROFIILIJ\u00c4RJESTELMIEN VALIKOIMA, JOIDEN ENIMM\u00c4ISKORKEUS ON 27 MM&#8221;][\/vc_column][\/vc_row][vc_row equal_height=&#8221;&#8221; border_color=&#8221;custom&#8221; shift_y=&#8221;0&#8243; z_index=&#8221;0&#8243; border_custom_color=&#8221;rgba(0,0,0,0.06)&#8221;][vc_column width=&#8221;1\/4&#8243;][vc_icon media_type=&#8221;animated_icon&#8221; animated_icon_lineaicons=&#8221;linea-basic-home&#8221; size=&#8221;fa-3x&#8221; title=&#8221;Estetiikka&#8221; text=&#8221;Varjostetut jalkalistat ja tasakatot tuovat sisustukseen eleganssia ja t\u00e4ydellisyytt\u00e4 ja luovat visuaalisia tehosteita.&#8221;][\/vc_column][vc_column width=&#8221;1\/4&#8243;][vc_icon media_type=&#8221;animated_icon&#8221; animated_icon_lineaicons=&#8221;linea-basic-lightbulb&#8221; size=&#8221;fa-3x&#8221; title=&#8221;Monik\u00e4ytt\u00f6isyys&#8221; text=&#8221;Ne voivat peitt\u00e4\u00e4 seinien ja kattojen ep\u00e4tasaisuudet sek\u00e4 toimia koristeena ja antaa huoneelle erityisen tyylin.&#8221;][\/vc_column][vc_column width=&#8221;1\/4&#8243;][vc_icon media_type=&#8221;animated_icon&#8221; animated_icon_lineaicons=&#8221;linea-basic-cup&#8221; size=&#8221;fa-3x&#8221; title=&#8221;Kest\u00e4v\u00e4 ja pitk\u00e4ik\u00e4inen&#8221; text=&#8221;Valmistettu korkealaatuisten standardien mukaisesti ja koostuu poikkeuksellisen kest\u00e4vist\u00e4 materiaaleista, jotka takaavat pitk\u00e4n k\u00e4ytt\u00f6i\u00e4n.&#8221;][\/vc_column][vc_column width=&#8221;1\/4&#8243;][vc_icon media_type=&#8221;animated_icon&#8221; animated_icon_lineaicons=&#8221;linea-basic-settings&#8221; size=&#8221;fa-3x&#8221; title=&#8221;Helppok\u00e4ytt\u00f6inen&#8221; text=&#8221;N\u00e4m\u00e4 elementit ovat usein helppoja asentaa ja vaativat vain v\u00e4h\u00e4n huoltoa, mik\u00e4 takaa k\u00e4yt\u00e4nn\u00f6llisyyden k\u00e4yt\u00f6ss\u00e4.&#8221;][\/vc_column][\/vc_row][vc_row equal_height=&#8221;&#8221; shift_y=&#8221;0&#8243; z_index=&#8221;0&#8243; css=&#8221;.vc_custom_1569497391434{padding-top: 100px !important;padding-bottom: 120px !important;}&#8221;][vc_column][vc_row_inner][vc_column_inner content_placement=&#8221;default&#8221; css=&#8221;.vc_custom_1706642225016{margin-bottom: 21px !important;}&#8221;][vc_custom_heading text=&#8221;Profiilit suunnittelukipsilevykattojen luomista varten&#8221; font_size=&#8221;35&#8243; responsive=&#8221;yes&#8221; min_font_size=&#8221;18&#8243; tag=&#8221;p&#8221; el_class=&#8221;title_mobile&#8221;][\/vc_column_inner][\/vc_row_inner][vc_row_inner][vc_column_inner][wvc_product_index product_display=&#8221;grid&#8221; orderby=&#8221;&#8221; order=&#8221;&#8221; columns=&#8221;2&#8243; product_layout=&#8221;box-style-3&#8243; product_cat=&#8221;plasterboard-and-wall-profiles, plasterboard_profiles&#8221;][\/vc_column_inner][\/vc_row_inner][vc_row_inner][vc_column_inner][vc_custom_heading text=&#8221;Lattia- ja sein\u00e4profiilit&#8221; font_size=&#8221;35&#8243; responsive=&#8221;yes&#8221; min_font_size=&#8221;18&#8243; tag=&#8221;p&#8221; css=&#8221;.vc_custom_1711815018725{margin-top: 70px !important;margin-bottom: 20px !important;}&#8221; el_class=&#8221;title_mobile&#8221;][\/vc_column_inner][\/vc_row_inner][wvc_product_index product_display=&#8221;grid&#8221; orderby=&#8221;&#8221; order=&#8221;&#8221; columns=&#8221;2&#8243; product_layout=&#8221;box-style-3&#8243; product_cat=&#8221;plasterboard-and-wall-profiles, floor-and-wall-profiles&#8221;][\/vc_column][\/vc_row][vc_row columns_placement=&#8221;middle&#8221; equal_height=&#8221;&#8221; content_placement=&#8221;middle&#8221; font_color=&#8221;light&#8221; background_type=&#8221;image&#8221; background_img=&#8221;9171&#8243; background_effect=&#8221;parallax&#8221; background_img_lazyload=&#8221;1&#8243; add_overlay=&#8221;yes&#8221; overlay_opacity=&#8221;50&#8243; shift_y=&#8221;0&#8243; z_index=&#8221;0&#8243; min_height=&#8221;600&#8243;][vc_column][vc_custom_heading text=&#8221;Kraabmod&#8221; font_size=&#8221;64&#8243; css_animation=&#8221;fadeInUp&#8221; css=&#8221;.vc_custom_1710416996359{margin-bottom: 15px !important;}&#8221;][vc_custom_heading text=&#8221;Jos sinulla on kysytt\u00e4v\u00e4\u00e4, ota rohkeasti yhteytt\u00e4 meihin. Autamme sinua mielell\u00e4mme!&#8221; font_size=&#8221;18&#8243; responsive=&#8221;yes&#8221; min_font_size=&#8221;16&#8243; font_family=&#8221;Muli&#8221; tag=&#8221;p&#8221; css_animation=&#8221;fadeInUp&#8221; css=&#8221;.vc_custom_1711838693420{margin-bottom: 15px !important;}&#8221;][vc_button button_type=&#8221;theme-button-text&#8221; title=&#8221;Ota yhteytt\u00e4&#8221; size=&#8221;lg&#8221; font_weight=&#8221;700&#8243; link=&#8221;url:https%3A%2F%2Fkraabmod.ee%2Ffi%2Fota-yhteytta%2F|title:Kauppa&#8221;][\/vc_column][\/vc_row]<\/p>\n<\/div>","protected":false},"excerpt":{"rendered":"<p>[vc_row content_width=&#8221;full&#8221; equal_height=&#8221;&#8221; font_color=&#8221;light&#8221; background_type=&#8221;slideshow&#8221; slideshow_speed=&#8221;4000&#8243; shift_y=&#8221;0&#8243; z_index=&#8221;0&#8243; slideshow_img_ids=&#8221;7018&#8243;][vc_column][wvc_admin_helper_text comment=&#8221;the image slideshow is set in the row background settings (style tab)&#8221;][\/vc_column][\/vc_row][vc_row equal_height=&#8221;&#8221; shift_y=&#8221;0&#8243; z_index=&#8221;0&#8243; css=&#8221;.vc_custom_1569497289461{padding-top: 120px !important;}&#8221;][vc_column width=&#8221;1\/3&#8243;][wvc_banner image=&#8221;6876&#8243; btn_title=&#8221;N\u00c4YT\u00c4 TUOTTEET&#8221; btn_button_type=&#8221;theme-button-text&#8221; btn_font_weight=&#8221;700&#8243; add_button=&#8221;true&#8221; title=&#8221;VARJOJALUSTA&#8221; link=&#8221;url:https%3A%2F%2Fkraabmod.ee%2Ffi%2Fgipps%2F&#8221; tagline=&#8221;GIPPS PROFIILI&#8221;][\/vc_column][vc_column width=&#8221;1\/3&#8243;][wvc_banner image=&#8221;6877&#8243; btn_title=&#8221;N\u00c4YT\u00c4 TUOTTEET&#8221; btn_button_type=&#8221;theme-button-text&#8221; btn_font_weight=&#8221;700&#8243; add_button=&#8221;true&#8221; title=&#8221;UMBRA&#8221; link=&#8221;url:https%3A%2F%2Fkraabmod.ee%2Ffi%2Fumbra%2F&#8221; tagline=&#8221;PROFIILIJ\u00c4RJESTELM\u00c4N RAKENTAJA KIPSILEVYKATTOJA VARTEN&#8221;][\/vc_column][vc_column width=&#8221;1\/3&#8243;][wvc_banner image=&#8221;6878&#8243; btn_title=&#8221;N\u00c4YT\u00c4 TUOTTEET&#8221;&#8230;<\/p>\n<p><a rel=\"bookmark\" class=\"theme-button-text wvc-button wvc-button-size-xs\" href=\"https:\/\/kraabmod.ee\/fi\/\"><small class=\"wvc-button-background-fill\"><\/small><span>Continue reading<\/span><\/a><\/p>\n","protected":false},"author":1,"featured_media":0,"parent":0,"menu_order":0,"comment_status":"closed","ping_status":"closed","template":"","meta":{"footnotes":""},"class_list":{"0":"post-8537","1":"page","2":"type-page","3":"status-publish","4":"hentry","5":"entry","6":"clearfix","7":"entry-grid","8":"entry-columns-default","9":"entry-page-module-layout-standard","10":"no-post-thumbnail","11":"entry-page","13":"entry-page-grid"},"yoast_head":"<!-- This site is optimized with the Yoast SEO plugin v27.4 - https:\/\/yoast.com\/product\/yoast-seo-wordpress\/ -->\n<title>Profiilij\u00e4rjestelm\u00e4t moderniin sisustukseen | Kraabmod<\/title>\n<meta name=\"description\" content=\"Alumiiniprofiilij\u00e4rjestelmien valmistaja venytett\u00e4ville ja kipsilevykatoille. Varjoprofiilit, jalkalistat, valon integrointij\u00e4rjestelm\u00e4t.\" \/>\n<meta name=\"robots\" content=\"index, follow, max-snippet:-1, max-image-preview:large, max-video-preview:-1\" \/>\n<link rel=\"canonical\" href=\"https:\/\/kraabmod.ee\/fi\/\" \/>\n<meta property=\"og:locale\" content=\"fi_FI\" \/>\n<meta property=\"og:type\" content=\"article\" \/>\n<meta property=\"og:title\" content=\"Profiilij\u00e4rjestelm\u00e4t moderniin sisustukseen | Kraabmod\" \/>\n<meta property=\"og:description\" content=\"Alumiiniprofiilij\u00e4rjestelmien valmistaja venytett\u00e4ville ja kipsilevykatoille. Varjoprofiilit, jalkalistat, valon integrointij\u00e4rjestelm\u00e4t.\" \/>\n<meta property=\"og:url\" content=\"https:\/\/kraabmod.ee\/fi\/\" \/>\n<meta property=\"og:site_name\" content=\"Kraabmod\" \/>\n<meta property=\"article:publisher\" content=\"https:\/\/www.facebook.com\/kraabmod\/\" \/>\n<meta property=\"article:modified_time\" content=\"2024-04-21T09:06:40+00:00\" \/>\n<meta property=\"og:image\" content=\"https:\/\/kraabmod.ee\/wp-content\/uploads\/2024\/03\/logo_kraab.png\" \/>\n\t<meta property=\"og:image:width\" content=\"696\" \/>\n\t<meta property=\"og:image:height\" content=\"696\" \/>\n\t<meta property=\"og:image:type\" content=\"image\/png\" \/>\n<meta name=\"twitter:card\" content=\"summary_large_image\" \/>\n<meta name=\"twitter:label1\" content=\"Arvioitu lukuaika\" \/>\n\t<meta name=\"twitter:data1\" content=\"2 minuuttia\" \/>\n<script type=\"application\/ld+json\" class=\"yoast-schema-graph\">{\"@context\":\"https:\\\/\\\/schema.org\",\"@graph\":[{\"@type\":\"WebPage\",\"@id\":\"https:\\\/\\\/kraabmod.ee\\\/fi\\\/\",\"url\":\"https:\\\/\\\/kraabmod.ee\\\/fi\\\/\",\"name\":\"Profiilij\u00e4rjestelm\u00e4t moderniin sisustukseen | Kraabmod\",\"isPartOf\":{\"@id\":\"https:\\\/\\\/kraabmod.ee\\\/fi\\\/#website\"},\"datePublished\":\"2019-09-11T08:53:20+00:00\",\"dateModified\":\"2024-04-21T09:06:40+00:00\",\"description\":\"Alumiiniprofiilij\u00e4rjestelmien valmistaja venytett\u00e4ville ja kipsilevykatoille. Varjoprofiilit, jalkalistat, valon integrointij\u00e4rjestelm\u00e4t.\",\"breadcrumb\":{\"@id\":\"https:\\\/\\\/kraabmod.ee\\\/fi\\\/#breadcrumb\"},\"inLanguage\":\"fi\",\"potentialAction\":[{\"@type\":\"ReadAction\",\"target\":[\"https:\\\/\\\/kraabmod.ee\\\/fi\\\/\"]}]},{\"@type\":\"BreadcrumbList\",\"@id\":\"https:\\\/\\\/kraabmod.ee\\\/fi\\\/#breadcrumb\",\"itemListElement\":[{\"@type\":\"ListItem\",\"position\":1,\"name\":\"Home\",\"item\":\"https:\\\/\\\/kraabmod.ee\\\/fi\\\/\"},{\"@type\":\"ListItem\",\"position\":2,\"name\":\"Etusivu\"}]},{\"@type\":\"WebSite\",\"@id\":\"https:\\\/\\\/kraabmod.ee\\\/fi\\\/#website\",\"url\":\"https:\\\/\\\/kraabmod.ee\\\/fi\\\/\",\"name\":\"Kraabmod\",\"description\":\"Profile systems for modern interiors.\",\"publisher\":{\"@id\":\"https:\\\/\\\/kraabmod.ee\\\/fi\\\/#organization\"},\"potentialAction\":[{\"@type\":\"SearchAction\",\"target\":{\"@type\":\"EntryPoint\",\"urlTemplate\":\"https:\\\/\\\/kraabmod.ee\\\/fi\\\/?s={search_term_string}\"},\"query-input\":{\"@type\":\"PropertyValueSpecification\",\"valueRequired\":true,\"valueName\":\"search_term_string\"}}],\"inLanguage\":\"fi\"},{\"@type\":\"Organization\",\"@id\":\"https:\\\/\\\/kraabmod.ee\\\/fi\\\/#organization\",\"name\":\"K-SYSTEMS BALTIC O\u00dc\",\"url\":\"https:\\\/\\\/kraabmod.ee\\\/fi\\\/\",\"logo\":{\"@type\":\"ImageObject\",\"inLanguage\":\"fi\",\"@id\":\"https:\\\/\\\/kraabmod.ee\\\/fi\\\/#\\\/schema\\\/logo\\\/image\\\/\",\"url\":\"https:\\\/\\\/kraabmod.ee\\\/wp-content\\\/uploads\\\/2024\\\/03\\\/logo_kraab.png\",\"contentUrl\":\"https:\\\/\\\/kraabmod.ee\\\/wp-content\\\/uploads\\\/2024\\\/03\\\/logo_kraab.png\",\"width\":696,\"height\":696,\"caption\":\"K-SYSTEMS BALTIC O\u00dc\"},\"image\":{\"@id\":\"https:\\\/\\\/kraabmod.ee\\\/fi\\\/#\\\/schema\\\/logo\\\/image\\\/\"},\"sameAs\":[\"https:\\\/\\\/www.facebook.com\\\/kraabmod\\\/\",\"https:\\\/\\\/www.instagram.com\\\/kraabmod\\\/\"]}]}<\/script>\n<!-- \/ Yoast SEO plugin. -->","yoast_head_json":{"title":"Profiilij\u00e4rjestelm\u00e4t moderniin sisustukseen | Kraabmod","description":"Alumiiniprofiilij\u00e4rjestelmien valmistaja venytett\u00e4ville ja kipsilevykatoille. Varjoprofiilit, jalkalistat, valon integrointij\u00e4rjestelm\u00e4t.","robots":{"index":"index","follow":"follow","max-snippet":"max-snippet:-1","max-image-preview":"max-image-preview:large","max-video-preview":"max-video-preview:-1"},"canonical":"https:\/\/kraabmod.ee\/fi\/","og_locale":"fi_FI","og_type":"article","og_title":"Profiilij\u00e4rjestelm\u00e4t moderniin sisustukseen | Kraabmod","og_description":"Alumiiniprofiilij\u00e4rjestelmien valmistaja venytett\u00e4ville ja kipsilevykatoille. Varjoprofiilit, jalkalistat, valon integrointij\u00e4rjestelm\u00e4t.","og_url":"https:\/\/kraabmod.ee\/fi\/","og_site_name":"Kraabmod","article_publisher":"https:\/\/www.facebook.com\/kraabmod\/","article_modified_time":"2024-04-21T09:06:40+00:00","og_image":[{"width":696,"height":696,"url":"https:\/\/kraabmod.ee\/wp-content\/uploads\/2024\/03\/logo_kraab.png","type":"image\/png"}],"twitter_card":"summary_large_image","twitter_misc":{"Arvioitu lukuaika":"2 minuuttia"},"schema":{"@context":"https:\/\/schema.org","@graph":[{"@type":"WebPage","@id":"https:\/\/kraabmod.ee\/fi\/","url":"https:\/\/kraabmod.ee\/fi\/","name":"Profiilij\u00e4rjestelm\u00e4t moderniin sisustukseen | Kraabmod","isPartOf":{"@id":"https:\/\/kraabmod.ee\/fi\/#website"},"datePublished":"2019-09-11T08:53:20+00:00","dateModified":"2024-04-21T09:06:40+00:00","description":"Alumiiniprofiilij\u00e4rjestelmien valmistaja venytett\u00e4ville ja kipsilevykatoille. Varjoprofiilit, jalkalistat, valon integrointij\u00e4rjestelm\u00e4t.","breadcrumb":{"@id":"https:\/\/kraabmod.ee\/fi\/#breadcrumb"},"inLanguage":"fi","potentialAction":[{"@type":"ReadAction","target":["https:\/\/kraabmod.ee\/fi\/"]}]},{"@type":"BreadcrumbList","@id":"https:\/\/kraabmod.ee\/fi\/#breadcrumb","itemListElement":[{"@type":"ListItem","position":1,"name":"Home","item":"https:\/\/kraabmod.ee\/fi\/"},{"@type":"ListItem","position":2,"name":"Etusivu"}]},{"@type":"WebSite","@id":"https:\/\/kraabmod.ee\/fi\/#website","url":"https:\/\/kraabmod.ee\/fi\/","name":"Kraabmod","description":"Profile systems for modern interiors.","publisher":{"@id":"https:\/\/kraabmod.ee\/fi\/#organization"},"potentialAction":[{"@type":"SearchAction","target":{"@type":"EntryPoint","urlTemplate":"https:\/\/kraabmod.ee\/fi\/?s={search_term_string}"},"query-input":{"@type":"PropertyValueSpecification","valueRequired":true,"valueName":"search_term_string"}}],"inLanguage":"fi"},{"@type":"Organization","@id":"https:\/\/kraabmod.ee\/fi\/#organization","name":"K-SYSTEMS BALTIC O\u00dc","url":"https:\/\/kraabmod.ee\/fi\/","logo":{"@type":"ImageObject","inLanguage":"fi","@id":"https:\/\/kraabmod.ee\/fi\/#\/schema\/logo\/image\/","url":"https:\/\/kraabmod.ee\/wp-content\/uploads\/2024\/03\/logo_kraab.png","contentUrl":"https:\/\/kraabmod.ee\/wp-content\/uploads\/2024\/03\/logo_kraab.png","width":696,"height":696,"caption":"K-SYSTEMS BALTIC O\u00dc"},"image":{"@id":"https:\/\/kraabmod.ee\/fi\/#\/schema\/logo\/image\/"},"sameAs":["https:\/\/www.facebook.com\/kraabmod\/","https:\/\/www.instagram.com\/kraabmod\/"]}]}},"_links":{"self":[{"href":"https:\/\/kraabmod.ee\/fi\/wp-json\/wp\/v2\/pages\/8537","targetHints":{"allow":["GET"]}}],"collection":[{"href":"https:\/\/kraabmod.ee\/fi\/wp-json\/wp\/v2\/pages"}],"about":[{"href":"https:\/\/kraabmod.ee\/fi\/wp-json\/wp\/v2\/types\/page"}],"author":[{"embeddable":true,"href":"https:\/\/kraabmod.ee\/fi\/wp-json\/wp\/v2\/users\/1"}],"replies":[{"embeddable":true,"href":"https:\/\/kraabmod.ee\/fi\/wp-json\/wp\/v2\/comments?post=8537"}],"version-history":[{"count":9,"href":"https:\/\/kraabmod.ee\/fi\/wp-json\/wp\/v2\/pages\/8537\/revisions"}],"predecessor-version":[{"id":9175,"href":"https:\/\/kraabmod.ee\/fi\/wp-json\/wp\/v2\/pages\/8537\/revisions\/9175"}],"wp:attachment":[{"href":"https:\/\/kraabmod.ee\/fi\/wp-json\/wp\/v2\/media?parent=8537"}],"curies":[{"name":"wp","href":"https:\/\/api.w.org\/{rel}","templated":true}]}}